{"id":7311,"date":"2023-06-06T06:30:18","date_gmt":"2023-06-06T06:30:18","guid":{"rendered":"https:\/\/www.agafaye.com\/?page_id=7311"},"modified":"2023-06-06T06:30:18","modified_gmt":"2023-06-06T06:30:18","slug":"lista-de-eventos","status":"publish","type":"page","link":"https:\/\/www.agafaye.com\/es\/lista-de-eventos\/","title":{"rendered":"Lista de eventos"},"content":{"rendered":"<div data-elementor-type=\"wp-page\" data-elementor-id=\"7311\" class=\"elementor elementor-7311\" data-elementor-post-type=\"page\">\n\t\t\t\t\t\t<section class=\"elementor-section elementor-top-section elementor-element elementor-element-7f3586b elementor-section-boxed elementor-section-height-default elementor-section-height-default\" data-id=\"7f3586b\" data-element_type=\"section\" data-e-type=\"section\">\n\t\t\t\t\t\t<div class=\"elementor-container elementor-column-gap-default\">\n\t\t\t\t\t<div class=\"elementor-column elementor-col-100 elementor-top-column elementor-element elementor-element-0db0fa7\" data-id=\"0db0fa7\" data-element_type=\"column\" data-e-type=\"column\">\n\t\t\t<div class=\"elementor-widget-wrap elementor-element-populated\">\n\t\t\t\t\t\t<div class=\"elementor-element elementor-element-3e195ef elementor-widget elementor-widget-ova_events_search_ajax\" data-id=\"3e195ef\" data-element_type=\"widget\" data-e-type=\"widget\" data-widget_type=\"ova_events_search_ajax.default\">\n\t\t\t\t<div class=\"elementor-widget-container\">\n\t\t\t\t\t\n<div class=\"ovaev-wrapper-search-ajax\">\n\t<!-- Search Form -->\n\t<div class=\"ovaev-search-ajax-form search_archive_event\">\n\t\t<form action=\"https:\/\/www.agafaye.com\/es\/evento\/\" method=\"POST\" name=\"search_ajax_event\" autocomplete=\"off\" data-trp-original-action=\"https:\/\/www.agafaye.com\/es\/evento\/\">\n\t\t\t<div class=\"start_date\">\n\t\t\t\t<input type=\"text\" \n\t\t\t\t\tid=\"ovaev_start_date_search\" \n\t\t\t\t\tclass=\"ovaev_start_date_search\" \n\t\t\t\t\tdata-lang=\"en\" \n\t\t\t\t\tdata-date=\"d-m-Y\" \n\t\t\t\t\tdata-time=\"H:i\" \n\t\t\t\t\tdata-first-day=\"1\" \n\t\t\t\t\tplaceholder=\"Elija la fecha\" \n\t\t\t\t\tname=\"ovaev_start_date_search\" \n\t\t\t\t\tvalue=\"\" \n\t\t\t\t\/>\n\t\t\t\t<i class=\"far fa-calendar-alt\"><\/i>\n\t\t\t<\/div>\n\n\t\t\t<div class=\"end_date\">\n\t\t\t\t<input \n\t\t\t\t\ttype=\"text\" \n\t\t\t\t\tid=\"ovaev_end_date_search\" \n\t\t\t\t\tclass=\"ovaev_end_date_search\" \n\t\t\t\t\tdata-lang=\"en\" \n\t\t\t\t\tdata-date=\"d-m-Y\" \n\t\t\t\t\tdata-first-day=\"1\" \n\t\t\t\t\tplaceholder=\"Elija la fecha\" \n\t\t\t\t\tname=\"ovaev_end_date_search\" \n\t\t\t\t\tvalue=\"\" \n\t\t\t\t\/>\n\t\t\t\t<i class=\"far fa-calendar-alt\"><\/i>\n\t\t\t<\/div>\n\n\t\t\t<div class=\"ovaev_cat_search\">\n\t\t\t\t<select  name='ovaev_type' id='ovaev_type' class='ovaev_type'>\n\t<option value='' selected='selected'>Todas las categor\u00edas<\/option>\n\t<option class=\"level-0\" value=\"good-tour\">Buen Tour<\/option>\n\t<option class=\"level-0\" value=\"travel\">Viajar<\/option>\n<\/select>\n\t\t\t\t<i class=\"arrow_carrot-down\"><\/i>\n\t\t\t<\/div>\n\t\t<input type=\"hidden\" name=\"trp-form-language\" value=\"es\"\/><\/form>\n\t<\/div>\n\t<!-- End Search Form -->\n\n\t<!-- Events -->\n\t<div class=\"ovaev-search-ajax-container\">\n\t\t<div class=\"search-ajax-content\">\n\t\t\t<div class=\"archive_event ovaev-search-ajax-events col3\">\n\t\t\t\t\n<div class=\"ovaev-content\">\n\t<div class=\"type1\">\n\t\t\n<div class=\"date-event\">\n\n\t<span class=\"date second_font\">\n\t\t01\t<\/span>\n\n\t<span class=\"month-year second_font\">\n\n\t\t<span class=\"month\">\n\t\t\tJun\t\t<\/span>\n\t\t\n\t\t<span class=\"year\">\n\t\t\t2024\t\t<\/span>\n\n\t<\/span>\n\n<\/div>\n\n\n\t\t<div class=\"desc\">\n\t\t\t\n<div class=\"event-thumbnail\">\t\n\n\t<a href=\"https:\/\/www.agafaye.com\/es\/evento\/por-que-elegir-nuestra-agencia-de-viajes-2\/\">\n\t\t<img fetchpriority=\"high\" decoding=\"async\" width=\"700\" height=\"445\" src=\"https:\/\/www.agafaye.com\/wp-content\/uploads\/2023\/06\/event-02-700x445.jpg\" class=\"attachment-ovaev_event_thumbnail size-ovaev_event_thumbnail wp-post-image\" alt=\"\" \/>\t<\/a>\n\n<\/div>\n\t\t\t<div class=\"event_post\">\n\t\t\t\t\n<div class=\"post_cat\">\n\t<a class=\"event_type\" href=\"https:\/\/www.agafaye.com\/es\/categoria_evento\/viaje\/\">Viajar<\/a><\/div>\n\n\t\t\t\t\n<a href=\"https:\/\/www.agafaye.com\/es\/evento\/por-que-elegir-nuestra-agencia-de-viajes-2\/\">\n\t<h2 class=\"second_font event_title\">\n\t\t\u00bfPor qu\u00e9 elegir nuestra Agencia de Viajes 2?\t<\/h2>\n<\/a>\n\t\t\t\t<div class=\"time-event\">\n\t\t\t\t\t\n<div class=\"time equal-date\">\n\t\n\t<i class=\"icomoon icomoon-clock\"><\/i>\n\n\t\t\t<span class=\"time-date-child\">\n\t\t\t<span class=\"date-child\">\n\t\t\t\t1 de junio de 2024 @\t\t\t<\/span>\n\n\t\t\t<span> 15:30<\/span>\n\n\t\t\t\t\t\t\t<a href=\"https:\/\/www.agafaye.com\/es\/evento\/por-que-elegir-nuestra-agencia-de-viajes-2\/ \" class=\"more_date_text\" data-id=\"7356\">\n\t\t\t\t\t<span>, m\u00e1s<\/span>\t\n\t\t\t\t<\/a>\n\t\t\t\t\n\t\t<\/span>\n\t\n<\/div>\n\t\t\t\t\t\n\t<div class=\"venue\">\n\t\t\n\t\t<i class=\"icomoon icomoon-location\"><\/i>\n\t\t\n\t\t<span class=\"number\">\n\t\t\tSand Diego, Canad\u00e1\t\t<\/span>\n\t\t\n\t<\/div>\n\t\t\t\t<\/div>\n\t\t\t\t\n\t\t\t\t\n<div class=\"button_event\">\n\t<a class=\"view_detail second_font\" href=\"https:\/\/www.agafaye.com\/es\/evento\/por-que-elegir-nuestra-agencia-de-viajes-2\/\">\n\t\tEvent details\t<\/a>\n<\/div>\t\t\t<\/div>\n\t\t<\/div>\n\t<\/div>\n<\/div>\n\n\t\t\t\t\n<div class=\"ovaev-content\">\n\t<div class=\"type1\">\n\t\t\n<div class=\"date-event\">\n\n\t<span class=\"date second_font\">\n\t\t09\t<\/span>\n\n\t<span class=\"month-year second_font\">\n\n\t\t<span class=\"month\">\n\t\t\tJun\t\t<\/span>\n\t\t\n\t\t<span class=\"year\">\n\t\t\t2024\t\t<\/span>\n\n\t<\/span>\n\n<\/div>\n\n\n\t\t<div class=\"desc\">\n\t\t\t\n<div class=\"event-thumbnail\">\t\n\n\t<a href=\"https:\/\/www.agafaye.com\/es\/evento\/una-celebracion-de-la-aventura\/\">\n\t\t<img decoding=\"async\" width=\"700\" height=\"446\" src=\"https:\/\/www.agafaye.com\/wp-content\/uploads\/2023\/06\/event-06-700x446.jpg\" class=\"attachment-ovaev_event_thumbnail size-ovaev_event_thumbnail wp-post-image\" alt=\"\" \/>\t<\/a>\n\n<\/div>\n\t\t\t<div class=\"event_post\">\n\t\t\t\t\n<div class=\"post_cat\">\n\t<a class=\"event_type\" href=\"https:\/\/www.agafaye.com\/es\/categoria_evento\/viaje\/\">Viajar<\/a><\/div>\n\n\t\t\t\t\n<a href=\"https:\/\/www.agafaye.com\/es\/evento\/una-celebracion-de-la-aventura\/\">\n\t<h2 class=\"second_font event_title\">\n\t\tUna celebraci\u00f3n de la aventura\t<\/h2>\n<\/a>\n\t\t\t\t<div class=\"time-event\">\n\t\t\t\t\t\n<div class=\"time equal-date\">\n\t\n\t<i class=\"icomoon icomoon-clock\"><\/i>\n\n\t\t\t<span class=\"time-date-child\">\n\t\t\t<span class=\"date-child\">\n\t\t\t\t15:30 - 17:30\t\t\t<\/span>\n\t\t<\/span>\n\t\n<\/div>\n\t\t\t\t\t\n\t<div class=\"venue\">\n\t\t\n\t\t<i class=\"icomoon icomoon-location\"><\/i>\n\t\t\n\t\t<span class=\"number\">\n\t\t\tSand Diego, Canad\u00e1\t\t<\/span>\n\t\t\n\t<\/div>\n\t\t\t\t<\/div>\n\t\t\t\t\n\t\t\t\t\n<div class=\"button_event\">\n\t<a class=\"view_detail second_font\" href=\"https:\/\/www.agafaye.com\/es\/evento\/una-celebracion-de-la-aventura\/\">\n\t\tEvent details\t<\/a>\n<\/div>\t\t\t<\/div>\n\t\t<\/div>\n\t<\/div>\n<\/div>\n\n\t\t\t\t\n<div class=\"ovaev-content\">\n\t<div class=\"type1\">\n\t\t\n<div class=\"date-event\">\n\n\t<span class=\"date second_font\">\n\t\t04\t<\/span>\n\n\t<span class=\"month-year second_font\">\n\n\t\t<span class=\"month\">\n\t\t\tJun\t\t<\/span>\n\t\t\n\t\t<span class=\"year\">\n\t\t\t2024\t\t<\/span>\n\n\t<\/span>\n\n<\/div>\n\n\n\t\t<div class=\"desc\">\n\t\t\t\n<div class=\"event-thumbnail\">\t\n\n\t<a href=\"https:\/\/www.agafaye.com\/es\/evento\/conferencia-sobre-gestion-hotelera\/\">\n\t\t<img decoding=\"async\" width=\"700\" height=\"446\" src=\"https:\/\/www.agafaye.com\/wp-content\/uploads\/2023\/06\/event-08-700x446.jpg\" class=\"attachment-ovaev_event_thumbnail size-ovaev_event_thumbnail wp-post-image\" alt=\"\" \/>\t<\/a>\n\n<\/div>\n\t\t\t<div class=\"event_post\">\n\t\t\t\t\n<div class=\"post_cat\">\n\t<a class=\"event_type\" href=\"https:\/\/www.agafaye.com\/es\/categoria_evento\/viaje\/\">Viajar<\/a><\/div>\n\n\t\t\t\t\n<a href=\"https:\/\/www.agafaye.com\/es\/evento\/conferencia-sobre-gestion-hotelera\/\">\n\t<h2 class=\"second_font event_title\">\n\t\tConferencia sobre gesti\u00f3n hotelera\t<\/h2>\n<\/a>\n\t\t\t\t<div class=\"time-event\">\n\t\t\t\t\t\n<div class=\"time equal-date\">\n\t\n\t<i class=\"icomoon icomoon-clock\"><\/i>\n\n\t\t\t<span class=\"time-date-child\">\n\t\t\t<span class=\"date-child\">\n\t\t\t\t15:30 - 17:30\t\t\t<\/span>\n\t\t<\/span>\n\t\n<\/div>\n\t\t\t\t\t\n\t<div class=\"venue\">\n\t\t\n\t\t<i class=\"icomoon icomoon-location\"><\/i>\n\t\t\n\t\t<span class=\"number\">\n\t\t\tSand Diego, Canad\u00e1\t\t<\/span>\n\t\t\n\t<\/div>\n\t\t\t\t<\/div>\n\t\t\t\t\n\t\t\t\t\n<div class=\"button_event\">\n\t<a class=\"view_detail second_font\" href=\"https:\/\/www.agafaye.com\/es\/evento\/conferencia-sobre-gestion-hotelera\/\">\n\t\tEvent details\t<\/a>\n<\/div>\t\t\t<\/div>\n\t\t<\/div>\n\t<\/div>\n<\/div>\n\n\t\t\t\t\n<div class=\"ovaev-content\">\n\t<div class=\"type1\">\n\t\t\n<div class=\"date-event\">\n\n\t<span class=\"date second_font\">\n\t\t04\t<\/span>\n\n\t<span class=\"month-year second_font\">\n\n\t\t<span class=\"month\">\n\t\t\tJun\t\t<\/span>\n\t\t\n\t\t<span class=\"year\">\n\t\t\t2024\t\t<\/span>\n\n\t<\/span>\n\n<\/div>\n\n\n\t\t<div class=\"desc\">\n\t\t\t\n<div class=\"event-thumbnail\">\t\n\n\t<a href=\"https:\/\/www.agafaye.com\/es\/evento\/la-importancia-del-dj-party-en-los-viajes\/\">\n\t\t<img loading=\"lazy\" decoding=\"async\" width=\"700\" height=\"445\" src=\"https:\/\/www.agafaye.com\/wp-content\/uploads\/2023\/06\/event-04-700x445.jpg\" class=\"attachment-ovaev_event_thumbnail size-ovaev_event_thumbnail wp-post-image\" alt=\"\" \/>\t<\/a>\n\n<\/div>\n\t\t\t<div class=\"event_post\">\n\t\t\t\t\n<div class=\"post_cat\">\n\t<a class=\"event_type\" href=\"https:\/\/www.agafaye.com\/es\/categoria_evento\/viaje\/\">Viajar<\/a><\/div>\n\n\t\t\t\t\n<a href=\"https:\/\/www.agafaye.com\/es\/evento\/la-importancia-del-dj-party-en-los-viajes\/\">\n\t<h2 class=\"second_font event_title\">\n\t\tLa importancia de la fiesta DJ en los viajes\t<\/h2>\n<\/a>\n\t\t\t\t<div class=\"time-event\">\n\t\t\t\t\t\n<div class=\"time equal-date\">\n\t\n\t<i class=\"icomoon icomoon-clock\"><\/i>\n\n\t\t\t<span class=\"time-date-child\">\n\t\t\t<span class=\"date-child\">\n\t\t\t\t15:30 - 17:30\t\t\t<\/span>\n\t\t<\/span>\n\t\n<\/div>\n\t\t\t\t\t\n\t<div class=\"venue\">\n\t\t\n\t\t<i class=\"icomoon icomoon-location\"><\/i>\n\t\t\n\t\t<span class=\"number\">\n\t\t\tSand Diego, Canad\u00e1\t\t<\/span>\n\t\t\n\t<\/div>\n\t\t\t\t<\/div>\n\t\t\t\t\n\t\t\t\t\n<div class=\"button_event\">\n\t<a class=\"view_detail second_font\" href=\"https:\/\/www.agafaye.com\/es\/evento\/la-importancia-del-dj-party-en-los-viajes\/\">\n\t\tEvent details\t<\/a>\n<\/div>\t\t\t<\/div>\n\t\t<\/div>\n\t<\/div>\n<\/div>\n\n\t\t\t\t\n<div class=\"ovaev-content\">\n\t<div class=\"type1\">\n\t\t\n<div class=\"date-event\">\n\n\t<span class=\"date second_font\">\n\t\t02\t<\/span>\n\n\t<span class=\"month-year second_font\">\n\n\t\t<span class=\"month\">\n\t\t\tMar\t\t<\/span>\n\t\t\n\t\t<span class=\"year\">\n\t\t\t2024\t\t<\/span>\n\n\t<\/span>\n\n<\/div>\n\n\n\t\t<div class=\"desc\">\n\t\t\t\n<div class=\"event-thumbnail\">\t\n\n\t<a href=\"https:\/\/www.agafaye.com\/es\/evento\/como-encontrar-un-guia-turistico\/\">\n\t\t<img loading=\"lazy\" decoding=\"async\" width=\"700\" height=\"445\" src=\"https:\/\/www.agafaye.com\/wp-content\/uploads\/2023\/06\/event-05-700x445.jpg\" class=\"attachment-ovaev_event_thumbnail size-ovaev_event_thumbnail wp-post-image\" alt=\"\" \/>\t<\/a>\n\n<\/div>\n\t\t\t<div class=\"event_post\">\n\t\t\t\t\n<div class=\"post_cat\">\n\t<a class=\"event_type\" href=\"https:\/\/www.agafaye.com\/es\/categoria_evento\/viaje\/\">Viajar<\/a><\/div>\n\n\t\t\t\t\n<a href=\"https:\/\/www.agafaye.com\/es\/evento\/como-encontrar-un-guia-turistico\/\">\n\t<h2 class=\"second_font event_title\">\n\t\tC\u00f3mo encontrar un gu\u00eda tur\u00edstico\t<\/h2>\n<\/a>\n\t\t\t\t<div class=\"time-event\">\n\t\t\t\t\t\n<div class=\"time equal-date\">\n\t\n\t<i class=\"icomoon icomoon-clock\"><\/i>\n\n\t\t\t<span class=\"time-date-child\">\n\t\t\t<span class=\"date-child\">\n\t\t\t\t2 de marzo de 2024 @\t\t\t<\/span>\n\n\t\t\t<span> 07:30<\/span>\n\n\t\t\t\t\t\t\t<a href=\"https:\/\/www.agafaye.com\/es\/evento\/como-encontrar-un-guia-turistico\/ \" class=\"more_date_text\" data-id=\"7339\">\n\t\t\t\t\t<span>, m\u00e1s<\/span>\t\n\t\t\t\t<\/a>\n\t\t\t\t\n\t\t<\/span>\n\t\n<\/div>\n\t\t\t\t\t\n\t<div class=\"venue\">\n\t\t\n\t\t<i class=\"icomoon icomoon-location\"><\/i>\n\t\t\n\t\t<span class=\"number\">\n\t\t\tSand Diego, Canad\u00e1\t\t<\/span>\n\t\t\n\t<\/div>\n\t\t\t\t<\/div>\n\t\t\t\t\n\t\t\t\t\n<div class=\"button_event\">\n\t<a class=\"view_detail second_font\" href=\"https:\/\/www.agafaye.com\/es\/evento\/como-encontrar-un-guia-turistico\/\">\n\t\tEvent details\t<\/a>\n<\/div>\t\t\t<\/div>\n\t\t<\/div>\n\t<\/div>\n<\/div>\n\n\t\t\t\t\n<div class=\"ovaev-content\">\n\t<div class=\"type1\">\n\t\t\n<div class=\"date-event\">\n\n\t<span class=\"date second_font\">\n\t\t01\t<\/span>\n\n\t<span class=\"month-year second_font\">\n\n\t\t<span class=\"month\">\n\t\t\tJun\t\t<\/span>\n\t\t\n\t\t<span class=\"year\">\n\t\t\t2024\t\t<\/span>\n\n\t<\/span>\n\n<\/div>\n\n\n\t\t<div class=\"desc\">\n\t\t\t\n<div class=\"event-thumbnail\">\t\n\n\t<a href=\"https:\/\/www.agafaye.com\/es\/evento\/conferencia-sobre-el-desarrollo-de-los-viajes\/\">\n\t\t<img loading=\"lazy\" decoding=\"async\" width=\"700\" height=\"445\" src=\"https:\/\/www.agafaye.com\/wp-content\/uploads\/2023\/06\/event-03-700x445.jpg\" class=\"attachment-ovaev_event_thumbnail size-ovaev_event_thumbnail wp-post-image\" alt=\"\" \/>\t<\/a>\n\n<\/div>\n\t\t\t<div class=\"event_post\">\n\t\t\t\t\n<div class=\"post_cat\">\n\t<a class=\"event_type\" href=\"https:\/\/www.agafaye.com\/es\/categoria_evento\/viaje\/\">Viajar<\/a><\/div>\n\n\t\t\t\t\n<a href=\"https:\/\/www.agafaye.com\/es\/evento\/conferencia-sobre-el-desarrollo-de-los-viajes\/\">\n\t<h2 class=\"second_font event_title\">\n\t\tConferencia sobre desarrollo de viajes\t<\/h2>\n<\/a>\n\t\t\t\t<div class=\"time-event\">\n\t\t\t\t\t\n<div class=\"time equal-date\">\n\t\n\t<i class=\"icomoon icomoon-clock\"><\/i>\n\n\t\t\t<span class=\"time-date-child\">\n\t\t\t<span class=\"date-child\">\n\t\t\t\t1 de junio de 2024 @\t\t\t<\/span>\n\n\t\t\t<span> 15:30<\/span>\n\n\t\t\t\t\t\t\t<a href=\"https:\/\/www.agafaye.com\/es\/evento\/conferencia-sobre-el-desarrollo-de-los-viajes\/ \" class=\"more_date_text\" data-id=\"7338\">\n\t\t\t\t\t<span>, m\u00e1s<\/span>\t\n\t\t\t\t<\/a>\n\t\t\t\t\n\t\t<\/span>\n\t\n<\/div>\n\t\t\t\t\t\n\t<div class=\"venue\">\n\t\t\n\t\t<i class=\"icomoon icomoon-location\"><\/i>\n\t\t\n\t\t<span class=\"number\">\n\t\t\tSand Diego, Canad\u00e1\t\t<\/span>\n\t\t\n\t<\/div>\n\t\t\t\t<\/div>\n\t\t\t\t\n\t\t\t\t\n<div class=\"button_event\">\n\t<a class=\"view_detail second_font\" href=\"https:\/\/www.agafaye.com\/es\/evento\/conferencia-sobre-el-desarrollo-de-los-viajes\/\">\n\t\tEvent details\t<\/a>\n<\/div>\t\t\t<\/div>\n\t\t<\/div>\n\t<\/div>\n<\/div>\n\n\t\t\t\t\t\t\t<\/div>\n\n\t\t\t<div class=\"data-events\" \n\t\t\t\tdata-layout=\"1\" \n\t\t\t\tdata-column=\"col3\" \n\t\t\t\tdata-per-page=\"6\" \n\t\t\t\tdata-order=\"DESC\" \n\t\t\t\tdata-orderby=\"ID\" \n\t\t\t\tdata-category-slug=\"all\" \n\t\t\t\tdata-time-event=\"all\">\n\t\t\t<\/div>\n\t\t<\/div>\n\n\t\t<!-- Loader -->\n\t\t<div class=\"wrap_loader\">\n\t\t\t<svg class=\"loader\" width=\"50\" height=\"50\">\n\t\t\t\t<circle cx=\"25\" cy=\"25\" r=\"10\" stroke=\"#a1a1a1\"\/>\n\t\t\t\t<circle cx=\"25\" cy=\"25\" r=\"20\" stroke=\"#a1a1a1\"\/>\n\t\t\t<\/svg>\n\t\t<\/div>\n\t<!-- End Loader -->\n\t<\/div>\n\t<!-- End Events -->\n\n\t<!-- Pagination -->\n\t<div class=\"search-ajax-pagination-wrapper\">\n\t\t\t<div class=\"search-ajax-pagination\" data-total-page=\"2\">\n\t\t\t<ul>\n\t\t\t\t\t\t\t\t\t\t\t\t\t\t\t<li>\n\t\t\t\t\t\t\t<span class=\"prev page-numbers\" data-paged=\"0\">\n\t\t\t\t\t\t\t\tAnterior\t\t\t\t\t\t\t<\/span>\n\t\t\t\t\t\t<\/li>\n\t\t\t\t\t\t<li>\n\t\t\t\t\t\t\t<span class=\"page-numbers current\" data-paged=\"1\">\n\t\t\t\t\t\t\t\t1\t\t\t\t\t\t\t<\/span>\n\t\t\t\t\t\t<\/li>\n\t\t\t\t\t\t\t\t\t\t\t\t\t\t\t\t\t\t\t\t<li>\n\t\t\t\t\t\t\t<span class=\"page-numbers\" data-paged=\"2\">\n\t\t\t\t\t\t\t\t2\t\t\t\t\t\t\t<\/span>\n\t\t\t\t\t\t<\/li>\n\t\t\t\t\t\t<li>\n\t\t\t\t\t\t\t<span class=\"next page-numbers\" data-paged=\"2\">\n\t\t\t\t\t\t\t\tSiguiente\t\t\t\t\t\t\t<\/span>\n\t\t\t\t\t\t<\/li>\n\t\t\t\t\t\t\t\t\t\t\t\t<\/ul>\n\t\t<\/div>\n\t\t<!-- End Pagination -->\n\t<\/div>\n\n<\/div>\n\n\t\t\t\t<\/div>\n\t\t\t\t<\/div>\n\t\t\t\t\t<\/div>\n\t\t<\/div>\n\t\t\t\t\t<\/div>\n\t\t<\/section>\n\t\t\t\t<\/div>","protected":false},"excerpt":{"rendered":"<p>All CategoriesTravel 01 Jun 2024 Travel Why Choose Our Travel Agency 2? June 1, 2024 @ 3:30 PM , more Sand Diego, Canada More details 01 Jun 2024 Travel A Celebration of Adventure and Exploration June 1, 2024 @ 3:30 PM , more Sand Diego, Canada More details 04 Jun 2024 Travel Hotel Management Conference [&hellip;]<\/p>\n","protected":false},"author":1,"featured_media":0,"parent":0,"menu_order":0,"comment_status":"closed","ping_status":"closed","template":"elementor_header_footer","meta":{"footnotes":""},"class_list":["post-7311","page","type-page","status-publish","hentry"],"yoast_head":"<!-- This site is optimized with the Yoast SEO Premium plugin v26.1 (Yoast SEO v27.5) - https:\/\/yoast.com\/product\/yoast-seo-premium-wordpress\/ -->\n<title>Event List - Agafay Desert<\/title>\n<meta name=\"robots\" content=\"index, follow, max-snippet:-1, max-image-preview:large, max-video-preview:-1\" \/>\n<link rel=\"canonical\" href=\"https:\/\/www.agafaye.com\/es\/lista-de-eventos\/\" \/>\n<meta property=\"og:locale\" content=\"es_ES\" \/>\n<meta property=\"og:type\" content=\"article\" \/>\n<meta property=\"og:title\" content=\"Event List\" \/>\n<meta property=\"og:description\" content=\"All CategoriesTravel 01 Jun 2024 Travel Why Choose Our Travel Agency 2? June 1, 2024 @ 3:30 PM , more Sand Diego, Canada More details 01 Jun 2024 Travel A Celebration of Adventure and Exploration June 1, 2024 @ 3:30 PM , more Sand Diego, Canada More details 04 Jun 2024 Travel Hotel Management Conference [&hellip;]\" \/>\n<meta property=\"og:url\" content=\"https:\/\/www.agafaye.com\/es\/lista-de-eventos\/\" \/>\n<meta property=\"og:site_name\" content=\"Agafay Desert\" \/>\n<meta property=\"og:image\" content=\"https:\/\/www.agafaye.com\/wp-content\/uploads\/2023\/06\/event-02-700x445.jpg\" \/>\n<meta name=\"twitter:card\" content=\"summary_large_image\" \/>\n<script type=\"application\/ld+json\" class=\"yoast-schema-graph\">{\"@context\":\"https:\\\/\\\/schema.org\",\"@graph\":[{\"@type\":\"WebPage\",\"@id\":\"https:\\\/\\\/www.agafaye.com\\\/event-list\\\/\",\"url\":\"https:\\\/\\\/www.agafaye.com\\\/event-list\\\/\",\"name\":\"Event List - Agafay Desert\",\"isPartOf\":{\"@id\":\"https:\\\/\\\/www.agafaye.com\\\/#website\"},\"primaryImageOfPage\":{\"@id\":\"https:\\\/\\\/www.agafaye.com\\\/event-list\\\/#primaryimage\"},\"image\":{\"@id\":\"https:\\\/\\\/www.agafaye.com\\\/event-list\\\/#primaryimage\"},\"thumbnailUrl\":\"https:\\\/\\\/www.agafaye.com\\\/wp-content\\\/uploads\\\/2023\\\/06\\\/event-02-700x445.jpg\",\"datePublished\":\"2023-06-06T06:30:18+00:00\",\"breadcrumb\":{\"@id\":\"https:\\\/\\\/www.agafaye.com\\\/event-list\\\/#breadcrumb\"},\"inLanguage\":\"es\",\"potentialAction\":[{\"@type\":\"ReadAction\",\"target\":[\"https:\\\/\\\/www.agafaye.com\\\/event-list\\\/\"]}]},{\"@type\":\"ImageObject\",\"inLanguage\":\"es\",\"@id\":\"https:\\\/\\\/www.agafaye.com\\\/event-list\\\/#primaryimage\",\"url\":\"https:\\\/\\\/www.agafaye.com\\\/wp-content\\\/uploads\\\/2023\\\/06\\\/event-02-700x445.jpg\",\"contentUrl\":\"https:\\\/\\\/www.agafaye.com\\\/wp-content\\\/uploads\\\/2023\\\/06\\\/event-02-700x445.jpg\"},{\"@type\":\"BreadcrumbList\",\"@id\":\"https:\\\/\\\/www.agafaye.com\\\/event-list\\\/#breadcrumb\",\"itemListElement\":[{\"@type\":\"ListItem\",\"position\":1,\"name\":\"Home\",\"item\":\"https:\\\/\\\/www.agafaye.com\\\/\"},{\"@type\":\"ListItem\",\"position\":2,\"name\":\"Event List\"}]},{\"@type\":\"WebSite\",\"@id\":\"https:\\\/\\\/www.agafaye.com\\\/#website\",\"url\":\"https:\\\/\\\/www.agafaye.com\\\/\",\"name\":\"Agafay Desert\",\"description\":\"Agafay Desert Adventures: Unwind, Explore, Experience\",\"publisher\":{\"@id\":\"https:\\\/\\\/www.agafaye.com\\\/#organization\"},\"potentialAction\":[{\"@type\":\"SearchAction\",\"target\":{\"@type\":\"EntryPoint\",\"urlTemplate\":\"https:\\\/\\\/www.agafaye.com\\\/?s={search_term_string}\"},\"query-input\":{\"@type\":\"PropertyValueSpecification\",\"valueRequired\":true,\"valueName\":\"search_term_string\"}}],\"inLanguage\":\"es\"},{\"@type\":\"Organization\",\"@id\":\"https:\\\/\\\/www.agafaye.com\\\/#organization\",\"name\":\"Agafay Desert\",\"url\":\"https:\\\/\\\/www.agafaye.com\\\/\",\"logo\":{\"@type\":\"ImageObject\",\"inLanguage\":\"es\",\"@id\":\"https:\\\/\\\/www.agafaye.com\\\/#\\\/schema\\\/logo\\\/image\\\/\",\"url\":\"https:\\\/\\\/www.agafaye.com\\\/wp-content\\\/uploads\\\/2025\\\/06\\\/Agafay-Desert.webp\",\"contentUrl\":\"https:\\\/\\\/www.agafaye.com\\\/wp-content\\\/uploads\\\/2025\\\/06\\\/Agafay-Desert.webp\",\"width\":1536,\"height\":1024,\"caption\":\"Agafay Desert\"},\"image\":{\"@id\":\"https:\\\/\\\/www.agafaye.com\\\/#\\\/schema\\\/logo\\\/image\\\/\"}}]}<\/script>\n<!-- \/ Yoast SEO Premium plugin. -->","yoast_head_json":{"title":"Lista de eventos - Desierto de Agafay","robots":{"index":"index","follow":"follow","max-snippet":"max-snippet:-1","max-image-preview":"max-image-preview:large","max-video-preview":"max-video-preview:-1"},"canonical":"https:\/\/www.agafaye.com\/es\/lista-de-eventos\/","og_locale":"es_ES","og_type":"article","og_title":"Event List","og_description":"All CategoriesTravel 01 Jun 2024 Travel Why Choose Our Travel Agency 2? June 1, 2024 @ 3:30 PM , more Sand Diego, Canada More details 01 Jun 2024 Travel A Celebration of Adventure and Exploration June 1, 2024 @ 3:30 PM , more Sand Diego, Canada More details 04 Jun 2024 Travel Hotel Management Conference [&hellip;]","og_url":"https:\/\/www.agafaye.com\/es\/lista-de-eventos\/","og_site_name":"Agafay Desert","og_image":[{"url":"https:\/\/www.agafaye.com\/wp-content\/uploads\/2023\/06\/event-02-700x445.jpg","type":"","width":"","height":""}],"twitter_card":"summary_large_image","schema":{"@context":"https:\/\/schema.org","@graph":[{"@type":"WebPage","@id":"https:\/\/www.agafaye.com\/event-list\/","url":"https:\/\/www.agafaye.com\/event-list\/","name":"Lista de eventos - Desierto de Agafay","isPartOf":{"@id":"https:\/\/www.agafaye.com\/#website"},"primaryImageOfPage":{"@id":"https:\/\/www.agafaye.com\/event-list\/#primaryimage"},"image":{"@id":"https:\/\/www.agafaye.com\/event-list\/#primaryimage"},"thumbnailUrl":"https:\/\/www.agafaye.com\/wp-content\/uploads\/2023\/06\/event-02-700x445.jpg","datePublished":"2023-06-06T06:30:18+00:00","breadcrumb":{"@id":"https:\/\/www.agafaye.com\/event-list\/#breadcrumb"},"inLanguage":"es","potentialAction":[{"@type":"ReadAction","target":["https:\/\/www.agafaye.com\/event-list\/"]}]},{"@type":"ImageObject","inLanguage":"es","@id":"https:\/\/www.agafaye.com\/event-list\/#primaryimage","url":"https:\/\/www.agafaye.com\/wp-content\/uploads\/2023\/06\/event-02-700x445.jpg","contentUrl":"https:\/\/www.agafaye.com\/wp-content\/uploads\/2023\/06\/event-02-700x445.jpg"},{"@type":"BreadcrumbList","@id":"https:\/\/www.agafaye.com\/event-list\/#breadcrumb","itemListElement":[{"@type":"ListItem","position":1,"name":"Home","item":"https:\/\/www.agafaye.com\/"},{"@type":"ListItem","position":2,"name":"Event List"}]},{"@type":"WebSite","@id":"https:\/\/www.agafaye.com\/#website","url":"https:\/\/www.agafaye.com\/","name":"Desierto de Agafay","description":"Aventuras en el desierto de Agafay: Desconectar, explorar, experimentar","publisher":{"@id":"https:\/\/www.agafaye.com\/#organization"},"potentialAction":[{"@type":"SearchAction","target":{"@type":"EntryPoint","urlTemplate":"https:\/\/www.agafaye.com\/?s={search_term_string}"},"query-input":{"@type":"PropertyValueSpecification","valueRequired":true,"valueName":"search_term_string"}}],"inLanguage":"es"},{"@type":"Organization","@id":"https:\/\/www.agafaye.com\/#organization","name":"Desierto de Agafay","url":"https:\/\/www.agafaye.com\/","logo":{"@type":"ImageObject","inLanguage":"es","@id":"https:\/\/www.agafaye.com\/#\/schema\/logo\/image\/","url":"https:\/\/www.agafaye.com\/wp-content\/uploads\/2025\/06\/Agafay-Desert.webp","contentUrl":"https:\/\/www.agafaye.com\/wp-content\/uploads\/2025\/06\/Agafay-Desert.webp","width":1536,"height":1024,"caption":"Agafay Desert"},"image":{"@id":"https:\/\/www.agafaye.com\/#\/schema\/logo\/image\/"}}]}},"_links":{"self":[{"href":"https:\/\/www.agafaye.com\/es\/wp-json\/wp\/v2\/pages\/7311","targetHints":{"allow":["GET"]}}],"collection":[{"href":"https:\/\/www.agafaye.com\/es\/wp-json\/wp\/v2\/pages"}],"about":[{"href":"https:\/\/www.agafaye.com\/es\/wp-json\/wp\/v2\/types\/page"}],"author":[{"embeddable":true,"href":"https:\/\/www.agafaye.com\/es\/wp-json\/wp\/v2\/users\/1"}],"replies":[{"embeddable":true,"href":"https:\/\/www.agafaye.com\/es\/wp-json\/wp\/v2\/comments?post=7311"}],"version-history":[{"count":0,"href":"https:\/\/www.agafaye.com\/es\/wp-json\/wp\/v2\/pages\/7311\/revisions"}],"wp:attachment":[{"href":"https:\/\/www.agafaye.com\/es\/wp-json\/wp\/v2\/media?parent=7311"}],"curies":[{"name":"wp","href":"https:\/\/api.w.org\/{rel}","templated":true}]}}