{"id":9812,"date":"2025-08-10T14:13:46","date_gmt":"2025-08-10T14:13:46","guid":{"rendered":"https:\/\/www.agafaye.com\/?post_type=product&#038;p=9812"},"modified":"2026-02-14T15:51:30","modified_gmt":"2026-02-14T15:51:30","slug":"agafay-day-pass-acceso-a-la-piscina-almuerzo-transporte","status":"publish","type":"product","link":"https:\/\/www.agafaye.com\/es\/product\/agafay-day-pass-acceso-a-la-piscina-almuerzo-transporte\/","title":{"rendered":"Pase de un d\u00eda para Agafay: Acceso a la piscina, almuerzo y transporte"},"content":{"rendered":"<p>&nbsp;<\/p>\n<p data-start=\"617\" data-end=\"994\">Aproveche al m\u00e1ximo su d\u00eda en el desierto de Agafay con nuestro pase de un d\u00eda todo incluido.<br data-start=\"709\" data-end=\"712\" \/>Este paquete combina acci\u00f3n, relajaci\u00f3n y buena comida: disfrute de acceso completo a una hermosa piscina y recargue energ\u00edas con un sabroso almuerzo. El transporte de ida y vuelta desde Marrakech est\u00e1 incluido, para que pueda simplemente disfrutar de la experiencia, sin planificaci\u00f3n ni estr\u00e9s.<\/p>\n<p data-start=\"996\" data-end=\"1138\">Es perfecto para parejas, amigos, familias o cualquiera que desee vivir una aut\u00e9ntica aventura en Agafay sin la molestia de organizarlo todo por separado.<\/p>\n<p data-start=\"1678\" data-end=\"1703\"><strong data-start=\"1678\" data-end=\"1701\">Horario:<\/strong><\/p>\n<ul data-start=\"1704\" data-end=\"1916\">\n<li data-start=\"1704\" data-end=\"1739\">\n<p data-start=\"1706\" data-end=\"1739\">Salidas diarias desde Marrakech<\/p>\n<\/li>\n<li data-start=\"1740\" data-end=\"1790\">\n<p data-start=\"1742\" data-end=\"1790\">Hora de inicio: flexible (normalmente recogida por la ma\u00f1ana)<\/p>\n<\/li>\n<li data-start=\"1791\" data-end=\"1876\">\n<p data-start=\"1793\" data-end=\"1876\">Duraci\u00f3n: aproximadamente 4-5 horas (recorrido en quad, piscina, almuerzo y traslado incluidos)<\/p>\n<\/li>\n<li data-start=\"1877\" data-end=\"1916\">\n<p data-start=\"1879\" data-end=\"1916\">Horario exacto tras la reserva<\/p>\n<\/li>\n<\/ul>\n<p data-start=\"1918\" data-end=\"1940\"><strong data-start=\"1918\" data-end=\"1938\">\u00bfA qui\u00e9n va dirigido?<\/strong><\/p>\n<ul data-start=\"1941\" data-end=\"2151\">\n<li data-start=\"1941\" data-end=\"2009\">\n<p data-start=\"1943\" data-end=\"2009\">Apto para todas las edades (los ni\u00f1os deben ir acompa\u00f1ados de un adulto)<\/p>\n<\/li>\n<li data-start=\"2010\" data-end=\"2081\">\n<p data-start=\"2012\" data-end=\"2081\">Perfecto para parejas, familias, grupos de amigos o viajeros en solitario<\/p>\n<\/li>\n<\/ul>\n<p data-start=\"2153\" data-end=\"2173\"><strong data-start=\"2153\" data-end=\"2171\">Qu\u00e9 llevar:<\/strong><\/p>\n<ul data-start=\"2174\" data-end=\"2367\">\n<li data-start=\"2174\" data-end=\"2222\">\n<p data-start=\"2176\" data-end=\"2222\">Ba\u00f1ador, toalla y chanclas para la piscina<\/p>\n<\/li>\n<li data-start=\"2223\" data-end=\"2274\">\n<p data-start=\"2225\" data-end=\"2274\">Ropa y calzado c\u00f3modos para el recorrido en quad<\/p>\n<\/li>\n<li data-start=\"2275\" data-end=\"2305\">\n<p data-start=\"2277\" data-end=\"2305\">Gafas de sol, crema solar, sombrero<\/p>\n<\/li>\n<li data-start=\"2306\" data-end=\"2336\">\n<p data-start=\"2308\" data-end=\"2336\">C\u00e1mara o tel\u00e9fono para fotos<\/p>\n<\/li>\n<li data-start=\"2337\" data-end=\"2367\">\n<p data-start=\"2339\" data-end=\"2367\">Ropa de recambio (opcional)<\/p>\n<\/li>\n<\/ul>\n<p data-start=\"2369\" data-end=\"2480\"><strong data-start=\"2369\" data-end=\"2387\">Punto de encuentro:<\/strong><br data-start=\"2387\" data-end=\"2390\" \/>Recogida y entrega en su hotel, riad o residencia de Marrakech (a\u00f1ada los detalles al finalizar la compra)<\/p>\n<p data-start=\"2482\" data-end=\"2501\"><strong data-start=\"2482\" data-end=\"2499\">Es bueno saberlo:<\/strong><\/p>\n<ul data-start=\"2502\" data-end=\"2707\">\n<li data-start=\"2580\" data-end=\"2656\">\n<p data-start=\"2582\" data-end=\"2656\">Se pueden atender peticiones vegetarianas y diet\u00e9ticas (mencionar en la reserva)<\/p>\n<\/li>\n<li data-start=\"2657\" data-end=\"2707\">\n<p data-start=\"2659\" data-end=\"2707\">El pase de un d\u00eda funciona en la mayor\u00eda de las condiciones meteorol\u00f3gicas<\/p>\n<\/li>\n<\/ul>\n<p data-start=\"2709\" data-end=\"2736\"><strong data-start=\"2709\" data-end=\"2734\">Instrucciones de reserva:<\/strong><\/p>\n<ul data-start=\"2737\" data-end=\"2893\">\n<li data-start=\"2737\" data-end=\"2774\">\n<p data-start=\"2739\" data-end=\"2774\">Seleccione el n\u00famero de participantes<\/p>\n<\/li>\n<li data-start=\"2775\" data-end=\"2893\">\n<p data-start=\"2777\" data-end=\"2893\">Indique su n\u00famero de WhatsApp completo con el prefijo del pa\u00eds y su hotel o residencia para facilitar la coordinaci\u00f3n de la recogida.<\/p>\n<\/li>\n<\/ul>\n<p><strong data-start=\"3486\" data-end=\"3504\">Informaci\u00f3n de pago:<\/strong><br data-start=\"3504\" data-end=\"3507\" \/>Indique su n\u00famero de WhatsApp completo con el prefijo del pa\u00eds y su hotel o residencia para facilitar la recogida.<\/p>","protected":false},"excerpt":{"rendered":"<p>Disfrute de una experiencia completa en el desierto de Agafay, relajante acceso a la piscina, delicioso almuerzo y traslados de ida y vuelta desde Marrakech, todo en un c\u00f3modo paquete.<\/p>","protected":false},"featured_media":9621,"comment_status":"open","ping_status":"closed","template":"","meta":[],"product_brand":[],"product_cat":[57],"product_tag":[78],"class_list":{"0":"post-9812","1":"product","2":"type-product","3":"status-publish","4":"has-post-thumbnail","6":"brw_tour_types-day-passes","7":"product_cat-day-passes","8":"product_tag-agafay-day-pass","10":"first","11":"instock","12":"sale","13":"featured","14":"shipping-taxable","15":"purchasable","16":"product-type-ovabrw_car_rental"},"yoast_head":"<!-- This site is optimized with the Yoast SEO Premium plugin v26.1 (Yoast SEO v27.4) - https:\/\/yoast.com\/product\/yoast-seo-premium-wordpress\/ -->\n<title>Agafay Day Pass: Pool Access, Lunch &amp; Transfers | Book Now<\/title>\n<meta name=\"description\" content=\"Book your Agafay Day Pass for pool access, lunch, and round-trip Marrakech transfers. The complete Agafay experience\u2014one day, all included.\" \/>\n<meta name=\"robots\" content=\"index, follow, max-snippet:-1, max-image-preview:large, max-video-preview:-1\" \/>\n<link rel=\"canonical\" href=\"https:\/\/www.agafaye.com\/es\/product\/agafay-day-pass-acceso-a-la-piscina-almuerzo-transporte\/\" \/>\n<meta property=\"og:locale\" content=\"es_ES\" \/>\n<meta property=\"og:type\" content=\"article\" \/>\n<meta property=\"og:title\" content=\"Agafay Day Pass: Pool Access, Lunch &amp; Transportation\" \/>\n<meta property=\"og:description\" content=\"Book your Agafay Day Pass for pool access, lunch, and round-trip Marrakech transfers. The complete Agafay experience\u2014one day, all included.\" \/>\n<meta property=\"og:url\" content=\"https:\/\/www.agafaye.com\/es\/product\/agafay-day-pass-acceso-a-la-piscina-almuerzo-transporte\/\" \/>\n<meta property=\"og:site_name\" content=\"Agafay Desert\" \/>\n<meta property=\"article:modified_time\" content=\"2026-02-14T15:51:30+00:00\" \/>\n<meta property=\"og:image\" content=\"https:\/\/www.agafaye.com\/wp-content\/uploads\/2025\/06\/From-Marrakech-to-Agafay-Desert-Day-Trip-600x540-1.jpg\" \/>\n\t<meta property=\"og:image:width\" content=\"600\" \/>\n\t<meta property=\"og:image:height\" content=\"540\" \/>\n\t<meta property=\"og:image:type\" content=\"image\/jpeg\" \/>\n<meta name=\"twitter:card\" content=\"summary_large_image\" \/>\n<meta name=\"twitter:label1\" content=\"Precio\" \/>\n\t<meta name=\"twitter:data1\" content=\"&euro;75,00\" \/>\n\t<meta name=\"twitter:label2\" content=\"Disponibilidad\" \/>\n\t<meta name=\"twitter:data2\" content=\"Disponible\" \/>\n<script type=\"application\/ld+json\" class=\"yoast-schema-graph\">{\"@context\":\"https:\\\/\\\/schema.org\",\"@graph\":[{\"@type\":\"WebPage\",\"@id\":\"https:\\\/\\\/www.agafaye.com\\\/product\\\/agafay-day-pass-pool-access-lunch-transportation\\\/\",\"url\":\"https:\\\/\\\/www.agafaye.com\\\/product\\\/agafay-day-pass-pool-access-lunch-transportation\\\/\",\"name\":\"Agafay Day Pass: Pool Access, Lunch & Transfers | Book Now\",\"isPartOf\":{\"@id\":\"https:\\\/\\\/www.agafaye.com\\\/#website\"},\"primaryImageOfPage\":{\"@id\":\"https:\\\/\\\/www.agafaye.com\\\/product\\\/agafay-day-pass-pool-access-lunch-transportation\\\/#primaryimage\"},\"image\":{\"@id\":\"https:\\\/\\\/www.agafaye.com\\\/product\\\/agafay-day-pass-pool-access-lunch-transportation\\\/#primaryimage\"},\"thumbnailUrl\":\"https:\\\/\\\/www.agafaye.com\\\/wp-content\\\/uploads\\\/2025\\\/06\\\/From-Marrakech-to-Agafay-Desert-Day-Trip-600x540-1.jpg\",\"datePublished\":\"2025-08-10T14:13:46+00:00\",\"dateModified\":\"2026-02-14T15:51:30+00:00\",\"description\":\"Book your Agafay Day Pass for pool access, lunch, and round-trip Marrakech transfers. The complete Agafay experience\u2014one day, all included.\",\"breadcrumb\":{\"@id\":\"https:\\\/\\\/www.agafaye.com\\\/product\\\/agafay-day-pass-pool-access-lunch-transportation\\\/#breadcrumb\"},\"inLanguage\":\"es\",\"potentialAction\":[{\"@type\":\"ReadAction\",\"target\":[\"https:\\\/\\\/www.agafaye.com\\\/product\\\/agafay-day-pass-pool-access-lunch-transportation\\\/\"]}]},{\"@type\":\"ImageObject\",\"inLanguage\":\"es\",\"@id\":\"https:\\\/\\\/www.agafaye.com\\\/product\\\/agafay-day-pass-pool-access-lunch-transportation\\\/#primaryimage\",\"url\":\"https:\\\/\\\/www.agafaye.com\\\/wp-content\\\/uploads\\\/2025\\\/06\\\/From-Marrakech-to-Agafay-Desert-Day-Trip-600x540-1.jpg\",\"contentUrl\":\"https:\\\/\\\/www.agafaye.com\\\/wp-content\\\/uploads\\\/2025\\\/06\\\/From-Marrakech-to-Agafay-Desert-Day-Trip-600x540-1.jpg\",\"width\":600,\"height\":540},{\"@type\":\"BreadcrumbList\",\"@id\":\"https:\\\/\\\/www.agafaye.com\\\/product\\\/agafay-day-pass-pool-access-lunch-transportation\\\/#breadcrumb\",\"itemListElement\":[{\"@type\":\"ListItem\",\"position\":1,\"name\":\"Home\",\"item\":\"https:\\\/\\\/www.agafaye.com\\\/\"},{\"@type\":\"ListItem\",\"position\":2,\"name\":\"Shop\",\"item\":\"https:\\\/\\\/www.agafaye.com\\\/shop\\\/\"},{\"@type\":\"ListItem\",\"position\":3,\"name\":\"Agafay Day Pass: Pool Access, Lunch &#038; Transportation\"}]},{\"@type\":\"WebSite\",\"@id\":\"https:\\\/\\\/www.agafaye.com\\\/#website\",\"url\":\"https:\\\/\\\/www.agafaye.com\\\/\",\"name\":\"Agafay Desert\",\"description\":\"Agafay Desert Adventures: Unwind, Explore, Experience\",\"publisher\":{\"@id\":\"https:\\\/\\\/www.agafaye.com\\\/#organization\"},\"potentialAction\":[{\"@type\":\"SearchAction\",\"target\":{\"@type\":\"EntryPoint\",\"urlTemplate\":\"https:\\\/\\\/www.agafaye.com\\\/?s={search_term_string}\"},\"query-input\":{\"@type\":\"PropertyValueSpecification\",\"valueRequired\":true,\"valueName\":\"search_term_string\"}}],\"inLanguage\":\"es\"},{\"@type\":\"Organization\",\"@id\":\"https:\\\/\\\/www.agafaye.com\\\/#organization\",\"name\":\"Agafay Desert\",\"url\":\"https:\\\/\\\/www.agafaye.com\\\/\",\"logo\":{\"@type\":\"ImageObject\",\"inLanguage\":\"es\",\"@id\":\"https:\\\/\\\/www.agafaye.com\\\/#\\\/schema\\\/logo\\\/image\\\/\",\"url\":\"https:\\\/\\\/www.agafaye.com\\\/wp-content\\\/uploads\\\/2025\\\/06\\\/Agafay-Desert.webp\",\"contentUrl\":\"https:\\\/\\\/www.agafaye.com\\\/wp-content\\\/uploads\\\/2025\\\/06\\\/Agafay-Desert.webp\",\"width\":1536,\"height\":1024,\"caption\":\"Agafay Desert\"},\"image\":{\"@id\":\"https:\\\/\\\/www.agafaye.com\\\/#\\\/schema\\\/logo\\\/image\\\/\"}}]}<\/script>\n<meta property=\"product:price:amount\" content=\"75.00\" \/>\n<meta property=\"product:price:currency\" content=\"EUR\" \/>\n<meta property=\"og:availability\" content=\"instock\" \/>\n<meta property=\"product:availability\" content=\"instock\" \/>\n<meta property=\"product:condition\" content=\"new\" \/>\n<!-- \/ Yoast SEO Premium plugin. -->","yoast_head_json":{"title":"Pase de un d\u00eda para Agafay: Acceso a la piscina, almuerzo y traslados | Reserve ahora","description":"Reserve su pase de un d\u00eda para Agafay y disfrute de acceso a la piscina, almuerzo y traslados de ida y vuelta a Marrakech. La experiencia completa de Agafay: un d\u00eda, todo incluido.","robots":{"index":"index","follow":"follow","max-snippet":"max-snippet:-1","max-image-preview":"max-image-preview:large","max-video-preview":"max-video-preview:-1"},"canonical":"https:\/\/www.agafaye.com\/es\/product\/agafay-day-pass-acceso-a-la-piscina-almuerzo-transporte\/","og_locale":"es_ES","og_type":"article","og_title":"Agafay Day Pass: Pool Access, Lunch & Transportation","og_description":"Book your Agafay Day Pass for pool access, lunch, and round-trip Marrakech transfers. The complete Agafay experience\u2014one day, all included.","og_url":"https:\/\/www.agafaye.com\/es\/product\/agafay-day-pass-acceso-a-la-piscina-almuerzo-transporte\/","og_site_name":"Agafay Desert","article_modified_time":"2026-02-14T15:51:30+00:00","og_image":[{"width":600,"height":540,"url":"https:\/\/www.agafaye.com\/wp-content\/uploads\/2025\/06\/From-Marrakech-to-Agafay-Desert-Day-Trip-600x540-1.jpg","type":"image\/jpeg"}],"twitter_card":"summary_large_image","twitter_misc":{"Precio":"&euro;75,00","Disponibilidad":"Disponible"},"schema":{"@context":"https:\/\/schema.org","@graph":[{"@type":"WebPage","@id":"https:\/\/www.agafaye.com\/product\/agafay-day-pass-pool-access-lunch-transportation\/","url":"https:\/\/www.agafaye.com\/product\/agafay-day-pass-pool-access-lunch-transportation\/","name":"Pase de un d\u00eda para Agafay: Acceso a la piscina, almuerzo y traslados | Reserve ahora","isPartOf":{"@id":"https:\/\/www.agafaye.com\/#website"},"primaryImageOfPage":{"@id":"https:\/\/www.agafaye.com\/product\/agafay-day-pass-pool-access-lunch-transportation\/#primaryimage"},"image":{"@id":"https:\/\/www.agafaye.com\/product\/agafay-day-pass-pool-access-lunch-transportation\/#primaryimage"},"thumbnailUrl":"https:\/\/www.agafaye.com\/wp-content\/uploads\/2025\/06\/From-Marrakech-to-Agafay-Desert-Day-Trip-600x540-1.jpg","datePublished":"2025-08-10T14:13:46+00:00","dateModified":"2026-02-14T15:51:30+00:00","description":"Reserve su pase de un d\u00eda para Agafay y disfrute de acceso a la piscina, almuerzo y traslados de ida y vuelta a Marrakech. La experiencia completa de Agafay: un d\u00eda, todo incluido.","breadcrumb":{"@id":"https:\/\/www.agafaye.com\/product\/agafay-day-pass-pool-access-lunch-transportation\/#breadcrumb"},"inLanguage":"es","potentialAction":[{"@type":"ReadAction","target":["https:\/\/www.agafaye.com\/product\/agafay-day-pass-pool-access-lunch-transportation\/"]}]},{"@type":"ImageObject","inLanguage":"es","@id":"https:\/\/www.agafaye.com\/product\/agafay-day-pass-pool-access-lunch-transportation\/#primaryimage","url":"https:\/\/www.agafaye.com\/wp-content\/uploads\/2025\/06\/From-Marrakech-to-Agafay-Desert-Day-Trip-600x540-1.jpg","contentUrl":"https:\/\/www.agafaye.com\/wp-content\/uploads\/2025\/06\/From-Marrakech-to-Agafay-Desert-Day-Trip-600x540-1.jpg","width":600,"height":540},{"@type":"BreadcrumbList","@id":"https:\/\/www.agafaye.com\/product\/agafay-day-pass-pool-access-lunch-transportation\/#breadcrumb","itemListElement":[{"@type":"ListItem","position":1,"name":"Home","item":"https:\/\/www.agafaye.com\/"},{"@type":"ListItem","position":2,"name":"Shop","item":"https:\/\/www.agafaye.com\/shop\/"},{"@type":"ListItem","position":3,"name":"Agafay Day Pass: Pool Access, Lunch &#038; Transportation"}]},{"@type":"WebSite","@id":"https:\/\/www.agafaye.com\/#website","url":"https:\/\/www.agafaye.com\/","name":"Desierto de Agafay","description":"Aventuras en el desierto de Agafay: Desconectar, explorar, experimentar","publisher":{"@id":"https:\/\/www.agafaye.com\/#organization"},"potentialAction":[{"@type":"SearchAction","target":{"@type":"EntryPoint","urlTemplate":"https:\/\/www.agafaye.com\/?s={search_term_string}"},"query-input":{"@type":"PropertyValueSpecification","valueRequired":true,"valueName":"search_term_string"}}],"inLanguage":"es"},{"@type":"Organization","@id":"https:\/\/www.agafaye.com\/#organization","name":"Desierto de Agafay","url":"https:\/\/www.agafaye.com\/","logo":{"@type":"ImageObject","inLanguage":"es","@id":"https:\/\/www.agafaye.com\/#\/schema\/logo\/image\/","url":"https:\/\/www.agafaye.com\/wp-content\/uploads\/2025\/06\/Agafay-Desert.webp","contentUrl":"https:\/\/www.agafaye.com\/wp-content\/uploads\/2025\/06\/Agafay-Desert.webp","width":1536,"height":1024,"caption":"Agafay Desert"},"image":{"@id":"https:\/\/www.agafaye.com\/#\/schema\/logo\/image\/"}}]},"product_price_amount":"75.00","product_price_currency":"EUR","og_availability":"instock","product_availability":"instock","product_condition":"new"},"_links":{"self":[{"href":"https:\/\/www.agafaye.com\/es\/wp-json\/wp\/v2\/product\/9812","targetHints":{"allow":["GET"]}}],"collection":[{"href":"https:\/\/www.agafaye.com\/es\/wp-json\/wp\/v2\/product"}],"about":[{"href":"https:\/\/www.agafaye.com\/es\/wp-json\/wp\/v2\/types\/product"}],"replies":[{"embeddable":true,"href":"https:\/\/www.agafaye.com\/es\/wp-json\/wp\/v2\/comments?post=9812"}],"wp:featuredmedia":[{"embeddable":true,"href":"https:\/\/www.agafaye.com\/es\/wp-json\/wp\/v2\/media\/9621"}],"wp:attachment":[{"href":"https:\/\/www.agafaye.com\/es\/wp-json\/wp\/v2\/media?parent=9812"}],"wp:term":[{"taxonomy":"product_brand","embeddable":true,"href":"https:\/\/www.agafaye.com\/es\/wp-json\/wp\/v2\/product_brand?post=9812"},{"taxonomy":"product_cat","embeddable":true,"href":"https:\/\/www.agafaye.com\/es\/wp-json\/wp\/v2\/product_cat?post=9812"},{"taxonomy":"product_tag","embeddable":true,"href":"https:\/\/www.agafaye.com\/es\/wp-json\/wp\/v2\/product_tag?post=9812"}],"curies":[{"name":"wp","href":"https:\/\/api.w.org\/{rel}","templated":true}]}}