{"id":12,"date":"2025-03-27T22:33:02","date_gmt":"2025-03-27T22:33:02","guid":{"rendered":"https:\/\/www.agafaye.com\/?page_id=12"},"modified":"2025-06-24T15:25:33","modified_gmt":"2025-06-24T15:25:33","slug":"mon-compte","status":"publish","type":"page","link":"https:\/\/www.agafaye.com\/fr\/mon-compte\/","title":{"rendered":"Mon compte"},"content":{"rendered":"<div class=\"woocommerce\"><\/div>","protected":false},"excerpt":{"rendered":"","protected":false},"author":1,"featured_media":0,"parent":0,"menu_order":0,"comment_status":"closed","ping_status":"closed","template":"","meta":{"footnotes":""},"class_list":["post-12","page","type-page","status-publish","hentry"],"yoast_head":"<!-- This site is optimized with the Yoast SEO Premium plugin v26.1 (Yoast SEO v27.4) - https:\/\/yoast.com\/product\/yoast-seo-premium-wordpress\/ -->\n<title>My account - Agafay Desert<\/title>\n<meta name=\"robots\" content=\"index, follow, max-snippet:-1, max-image-preview:large, max-video-preview:-1\" \/>\n<link rel=\"canonical\" href=\"https:\/\/www.agafaye.com\/fr\/mon-compte\/\" \/>\n<meta property=\"og:locale\" content=\"fr_FR\" \/>\n<meta property=\"og:type\" content=\"article\" \/>\n<meta property=\"og:title\" content=\"My account\" \/>\n<meta property=\"og:url\" content=\"https:\/\/www.agafaye.com\/fr\/mon-compte\/\" \/>\n<meta property=\"og:site_name\" content=\"Agafay Desert\" \/>\n<meta property=\"article:modified_time\" content=\"2025-06-24T15:25:33+00:00\" \/>\n<meta property=\"og:image\" content=\"https:\/\/www.agafaye.com\/wp-content\/uploads\/2025\/06\/Balade-dromadaire-au-coucher-du-soleil-dans-le-desert-dAgafay.webp\" \/>\n\t<meta property=\"og:image:width\" content=\"1080\" \/>\n\t<meta property=\"og:image:height\" content=\"720\" \/>\n\t<meta property=\"og:image:type\" content=\"image\/webp\" \/>\n<meta name=\"twitter:card\" content=\"summary_large_image\" \/>\n<script type=\"application\/ld+json\" class=\"yoast-schema-graph\">{\"@context\":\"https:\\\/\\\/schema.org\",\"@graph\":[{\"@type\":\"WebPage\",\"@id\":\"https:\\\/\\\/www.agafaye.com\\\/my-account\\\/\",\"url\":\"https:\\\/\\\/www.agafaye.com\\\/my-account\\\/\",\"name\":\"My account - Agafay Desert\",\"isPartOf\":{\"@id\":\"https:\\\/\\\/www.agafaye.com\\\/#website\"},\"datePublished\":\"2025-03-27T22:33:02+00:00\",\"dateModified\":\"2025-06-24T15:25:33+00:00\",\"breadcrumb\":{\"@id\":\"https:\\\/\\\/www.agafaye.com\\\/my-account\\\/#breadcrumb\"},\"inLanguage\":\"fr-FR\",\"potentialAction\":[{\"@type\":\"ReadAction\",\"target\":[\"https:\\\/\\\/www.agafaye.com\\\/my-account\\\/\"]}]},{\"@type\":\"BreadcrumbList\",\"@id\":\"https:\\\/\\\/www.agafaye.com\\\/my-account\\\/#breadcrumb\",\"itemListElement\":[{\"@type\":\"ListItem\",\"position\":1,\"name\":\"Home\",\"item\":\"https:\\\/\\\/www.agafaye.com\\\/\"},{\"@type\":\"ListItem\",\"position\":2,\"name\":\"My account\"}]},{\"@type\":\"WebSite\",\"@id\":\"https:\\\/\\\/www.agafaye.com\\\/#website\",\"url\":\"https:\\\/\\\/www.agafaye.com\\\/\",\"name\":\"Agafay Desert\",\"description\":\"Agafay Desert Adventures: Unwind, Explore, Experience\",\"publisher\":{\"@id\":\"https:\\\/\\\/www.agafaye.com\\\/#organization\"},\"potentialAction\":[{\"@type\":\"SearchAction\",\"target\":{\"@type\":\"EntryPoint\",\"urlTemplate\":\"https:\\\/\\\/www.agafaye.com\\\/?s={search_term_string}\"},\"query-input\":{\"@type\":\"PropertyValueSpecification\",\"valueRequired\":true,\"valueName\":\"search_term_string\"}}],\"inLanguage\":\"fr-FR\"},{\"@type\":\"Organization\",\"@id\":\"https:\\\/\\\/www.agafaye.com\\\/#organization\",\"name\":\"Agafay Desert\",\"url\":\"https:\\\/\\\/www.agafaye.com\\\/\",\"logo\":{\"@type\":\"ImageObject\",\"inLanguage\":\"fr-FR\",\"@id\":\"https:\\\/\\\/www.agafaye.com\\\/#\\\/schema\\\/logo\\\/image\\\/\",\"url\":\"https:\\\/\\\/www.agafaye.com\\\/wp-content\\\/uploads\\\/2025\\\/06\\\/Agafay-Desert.webp\",\"contentUrl\":\"https:\\\/\\\/www.agafaye.com\\\/wp-content\\\/uploads\\\/2025\\\/06\\\/Agafay-Desert.webp\",\"width\":1536,\"height\":1024,\"caption\":\"Agafay Desert\"},\"image\":{\"@id\":\"https:\\\/\\\/www.agafaye.com\\\/#\\\/schema\\\/logo\\\/image\\\/\"}}]}<\/script>\n<!-- \/ Yoast SEO Premium plugin. -->","yoast_head_json":{"title":"Mon compte - D\u00e9sert d'Agafay","robots":{"index":"index","follow":"follow","max-snippet":"max-snippet:-1","max-image-preview":"max-image-preview:large","max-video-preview":"max-video-preview:-1"},"canonical":"https:\/\/www.agafaye.com\/fr\/mon-compte\/","og_locale":"fr_FR","og_type":"article","og_title":"My account","og_url":"https:\/\/www.agafaye.com\/fr\/mon-compte\/","og_site_name":"Agafay Desert","article_modified_time":"2025-06-24T15:25:33+00:00","og_image":[{"width":1080,"height":720,"url":"https:\/\/www.agafaye.com\/wp-content\/uploads\/2025\/06\/Balade-dromadaire-au-coucher-du-soleil-dans-le-desert-dAgafay.webp","type":"image\/webp"}],"twitter_card":"summary_large_image","schema":{"@context":"https:\/\/schema.org","@graph":[{"@type":"WebPage","@id":"https:\/\/www.agafaye.com\/my-account\/","url":"https:\/\/www.agafaye.com\/my-account\/","name":"Mon compte - D\u00e9sert d'Agafay","isPartOf":{"@id":"https:\/\/www.agafaye.com\/#website"},"datePublished":"2025-03-27T22:33:02+00:00","dateModified":"2025-06-24T15:25:33+00:00","breadcrumb":{"@id":"https:\/\/www.agafaye.com\/my-account\/#breadcrumb"},"inLanguage":"fr-FR","potentialAction":[{"@type":"ReadAction","target":["https:\/\/www.agafaye.com\/my-account\/"]}]},{"@type":"BreadcrumbList","@id":"https:\/\/www.agafaye.com\/my-account\/#breadcrumb","itemListElement":[{"@type":"ListItem","position":1,"name":"Home","item":"https:\/\/www.agafaye.com\/"},{"@type":"ListItem","position":2,"name":"My account"}]},{"@type":"WebSite","@id":"https:\/\/www.agafaye.com\/#website","url":"https:\/\/www.agafaye.com\/","name":"D\u00e9sert d'Agafay","description":"Aventures dans le d\u00e9sert d'Agafay : D\u00e9tente, exploration, exp\u00e9rience","publisher":{"@id":"https:\/\/www.agafaye.com\/#organization"},"potentialAction":[{"@type":"SearchAction","target":{"@type":"EntryPoint","urlTemplate":"https:\/\/www.agafaye.com\/?s={search_term_string}"},"query-input":{"@type":"PropertyValueSpecification","valueRequired":true,"valueName":"search_term_string"}}],"inLanguage":"fr-FR"},{"@type":"Organization","@id":"https:\/\/www.agafaye.com\/#organization","name":"D\u00e9sert d'Agafay","url":"https:\/\/www.agafaye.com\/","logo":{"@type":"ImageObject","inLanguage":"fr-FR","@id":"https:\/\/www.agafaye.com\/#\/schema\/logo\/image\/","url":"https:\/\/www.agafaye.com\/wp-content\/uploads\/2025\/06\/Agafay-Desert.webp","contentUrl":"https:\/\/www.agafaye.com\/wp-content\/uploads\/2025\/06\/Agafay-Desert.webp","width":1536,"height":1024,"caption":"Agafay Desert"},"image":{"@id":"https:\/\/www.agafaye.com\/#\/schema\/logo\/image\/"}}]}},"_links":{"self":[{"href":"https:\/\/www.agafaye.com\/fr\/wp-json\/wp\/v2\/pages\/12","targetHints":{"allow":["GET"]}}],"collection":[{"href":"https:\/\/www.agafaye.com\/fr\/wp-json\/wp\/v2\/pages"}],"about":[{"href":"https:\/\/www.agafaye.com\/fr\/wp-json\/wp\/v2\/types\/page"}],"author":[{"embeddable":true,"href":"https:\/\/www.agafaye.com\/fr\/wp-json\/wp\/v2\/users\/1"}],"replies":[{"embeddable":true,"href":"https:\/\/www.agafaye.com\/fr\/wp-json\/wp\/v2\/comments?post=12"}],"version-history":[{"count":1,"href":"https:\/\/www.agafaye.com\/fr\/wp-json\/wp\/v2\/pages\/12\/revisions"}],"predecessor-version":[{"id":9551,"href":"https:\/\/www.agafaye.com\/fr\/wp-json\/wp\/v2\/pages\/12\/revisions\/9551"}],"wp:attachment":[{"href":"https:\/\/www.agafaye.com\/fr\/wp-json\/wp\/v2\/media?parent=12"}],"curies":[{"name":"wp","href":"https:\/\/api.w.org\/{rel}","templated":true}]}}