{"id":7307,"date":"2023-06-06T04:20:42","date_gmt":"2023-06-06T04:20:42","guid":{"rendered":"https:\/\/www.agafaye.com\/?page_id=7307"},"modified":"2023-06-06T04:20:42","modified_gmt":"2023-06-06T04:20:42","slug":"bientot-disponible","status":"publish","type":"page","link":"https:\/\/www.agafaye.com\/fr\/bientot-disponible\/","title":{"rendered":"Bient\u00f4t disponible"},"content":{"rendered":"\t\t<div data-elementor-type=\"wp-page\" data-elementor-id=\"7307\" class=\"elementor elementor-7307\" data-elementor-post-type=\"page\">\n\t\t\t\t\t\t<section class=\"elementor-section elementor-top-section elementor-element elementor-element-657f1bc elementor-section-height-full elementor-section-boxed elementor-section-height-default elementor-section-items-middle\" data-id=\"657f1bc\" data-element_type=\"section\" data-e-type=\"section\" data-settings=\"{&quot;background_background&quot;:&quot;classic&quot;}\">\n\t\t\t\t\t\t\t<div class=\"elementor-background-overlay\"><\/div>\n\t\t\t\t\t\t\t<div class=\"elementor-container elementor-column-gap-default\">\n\t\t\t\t\t<div class=\"elementor-column elementor-col-50 elementor-top-column elementor-element elementor-element-a4c5c50\" data-id=\"a4c5c50\" data-element_type=\"column\" data-e-type=\"column\">\n\t\t\t<div class=\"elementor-widget-wrap elementor-element-populated\">\n\t\t\t\t\t\t<div class=\"elementor-element elementor-element-1363931 elementor-widget__width-auto elementor-absolute e-transform elementor-hidden-tablet elementor-hidden-mobile elementor-widget elementor-widget-ova_logo\" data-id=\"1363931\" data-element_type=\"widget\" data-e-type=\"widget\" data-settings=\"{&quot;_position&quot;:&quot;absolute&quot;,&quot;_transform_rotateZ_effect&quot;:{&quot;unit&quot;:&quot;px&quot;,&quot;size&quot;:-90,&quot;sizes&quot;:[]},&quot;_transform_rotateZ_effect_tablet&quot;:{&quot;unit&quot;:&quot;deg&quot;,&quot;size&quot;:&quot;&quot;,&quot;sizes&quot;:[]},&quot;_transform_rotateZ_effect_mobile&quot;:{&quot;unit&quot;:&quot;deg&quot;,&quot;size&quot;:&quot;&quot;,&quot;sizes&quot;:[]}}\" data-widget_type=\"ova_logo.default\">\n\t\t\t\t<div class=\"elementor-widget-container\">\n\t\t\t\t\t\n\t\t<div class=\"brand_el\">\n\n\t\t\t\t\t\t\t\t\t\t\t<a href=\"https:\/\/www.agafaye.com\/fr\/ \"   >\n\t\t\t\n\t\t\t\t<img decoding=\"async\" src=\"https:\/\/www.agafaye.com\/wp-content\/uploads\/2022\/07\/logo-white.svg\" \n\t\t\t\t\talt=\"Agafay Desert\" \n\t\t\t\t\tclass=\"logo_desktop\" \n\t\t\t\t\tstyle=\"width:auto ; height:65px\" \n\t\t\t\t\/>\n\n\t\t\t\t<img decoding=\"async\" src=\"https:\/\/www.agafaye.com\/wp-content\/uploads\/2022\/07\/logo-white.svg\" \n\t\t\t\t\talt=\"Agafay Desert\" \n\t\t\t\t\tclass=\"logo_mobile\" \n\t\t\t\t\tstyle=\"width:auto ;  height:65px\" \n\t\t\t\t\/>\n\n\t\t\t\t<img decoding=\"async\" src=\"https:\/\/www.agafaye.com\/wp-content\/plugins\/elementor\/assets\/images\/placeholder.png\" \n\t\t\t\t\talt=\"Agafay Desert\" \n\t\t\t\t\tclass=\"logo_sticky\" \n\t\t\t\t\tstyle=\"width:auto ; height:auto\" \n\t\t\t\t\/>\n\n\t\t\t\t\t\t\t<\/a>\n\t\t\t\n\t\t<\/div>\n\n\t\t\t\t\t\t<\/div>\n\t\t\t\t<\/div>\n\t\t\t\t<div class=\"elementor-element elementor-element-7f95f00 elementor-hidden-desktop elementor-widget elementor-widget-ova_logo\" data-id=\"7f95f00\" data-element_type=\"widget\" data-e-type=\"widget\" data-widget_type=\"ova_logo.default\">\n\t\t\t\t<div class=\"elementor-widget-container\">\n\t\t\t\t\t\n\t\t<div class=\"brand_el\">\n\n\t\t\t\t\t\t\t\t\t\t\t<a href=\"https:\/\/www.agafaye.com\/fr\/ \"   >\n\t\t\t\n\t\t\t\t<img decoding=\"async\" src=\"https:\/\/www.agafaye.com\/wp-content\/uploads\/2022\/07\/logo-white.svg\" \n\t\t\t\t\talt=\"Agafay Desert\" \n\t\t\t\t\tclass=\"logo_desktop\" \n\t\t\t\t\tstyle=\"width:auto ; height:65px\" \n\t\t\t\t\/>\n\n\t\t\t\t<img decoding=\"async\" src=\"https:\/\/www.agafaye.com\/wp-content\/uploads\/2022\/07\/logo-white.svg\" \n\t\t\t\t\talt=\"Agafay Desert\" \n\t\t\t\t\tclass=\"logo_mobile\" \n\t\t\t\t\tstyle=\"width:auto ;  height:65px\" \n\t\t\t\t\/>\n\n\t\t\t\t<img decoding=\"async\" src=\"https:\/\/www.agafaye.com\/wp-content\/plugins\/elementor\/assets\/images\/placeholder.png\" \n\t\t\t\t\talt=\"Agafay Desert\" \n\t\t\t\t\tclass=\"logo_sticky\" \n\t\t\t\t\tstyle=\"width:132px ; height:36px\" \n\t\t\t\t\/>\n\n\t\t\t\t\t\t\t<\/a>\n\t\t\t\n\t\t<\/div>\n\n\t\t\t\t\t\t<\/div>\n\t\t\t\t<\/div>\n\t\t\t\t<div class=\"elementor-element elementor-element-f11fe15 elementor-widget elementor-widget-tripgo_elementor_heading\" data-id=\"f11fe15\" data-element_type=\"widget\" data-e-type=\"widget\" data-widget_type=\"tripgo_elementor_heading.default\">\n\t\t\t\t<div class=\"elementor-widget-container\">\n\t\t\t\t\t\t\t<div class=\"ova-title\">\n\n\t\t\t\t\t\t\t<h3 class=\"sub-title\">We\u2019re<\/h3>\n\t\t\t\n\t\t\t\t\t\t\t\n\t\t\t\t\t<h2 class=\"title\">Coming Soon<\/h2>\n\t\t\t\t\t\t\t\n\t\t\t\n\t\t<\/div> \n\t\t \t\n\t\t\t\t\t\t<\/div>\n\t\t\t\t<\/div>\n\t\t\t\t<div class=\"elementor-element elementor-element-5f3cbbd elementor-widget elementor-widget-tripgo_elementor_countdown\" data-id=\"5f3cbbd\" data-element_type=\"widget\" data-e-type=\"widget\" data-widget_type=\"tripgo_elementor_countdown.default\">\n\t\t\t\t<div class=\"elementor-widget-container\">\n\t\t\t\t\t\t\t<div class=\"ova-countdown\" data-date=\"{&quot;year&quot;:&quot;2025&quot;,&quot;month&quot;:&quot;9&quot;,&quot;day&quot;:&quot;30&quot;,&quot;hours&quot;:&quot;12&quot;,&quot;minutes&quot;:0,&quot;timezone&quot;:&quot;0&quot;,&quot;textDay&quot;:&quot;Days&quot;,&quot;textHour&quot;:&quot;Hour&quot;,&quot;textMin&quot;:&quot;Min&quot;,&quot;textSec&quot;:&quot;Sec&quot;}\"><\/div>\n\t\t\t\t\t\t<\/div>\n\t\t\t\t<\/div>\n\t\t\t\t<div class=\"elementor-element elementor-element-549f1e2 elementor-widget-mobile__width-inherit elementor-widget__width-initial elementor-widget elementor-widget-text-editor\" data-id=\"549f1e2\" data-element_type=\"widget\" data-e-type=\"widget\" data-widget_type=\"text-editor.default\">\n\t\t\t\t<div class=\"elementor-widget-container\">\n\t\t\t\t\t\t\t\t\t<p>Sed ut perspiciatis unde omnis iste natus error sit voluptatem accusantium doloremque laudantium, totam rem aperiam, eaque epsa quae abillo inventore veritatis<\/p>\t\t\t\t\t\t\t\t<\/div>\n\t\t\t\t<\/div>\n\t\t\t\t<div class=\"elementor-element elementor-element-fa3ec64 elementor-widget elementor-widget-shortcode\" data-id=\"fa3ec64\" data-element_type=\"widget\" data-e-type=\"widget\" data-widget_type=\"shortcode.default\">\n\t\t\t\t<div class=\"elementor-widget-container\">\n\t\t\t\t\t\t\t<div class=\"elementor-shortcode\">[mc4wp_form id=165]<\/div>\n\t\t\t\t\t\t<\/div>\n\t\t\t\t<\/div>\n\t\t\t\t<div class=\"elementor-element elementor-element-2790034 elementor-shape-circle elementor-grid-0 elementor-widget elementor-widget-social-icons\" data-id=\"2790034\" data-element_type=\"widget\" data-e-type=\"widget\" data-widget_type=\"social-icons.default\">\n\t\t\t\t<div class=\"elementor-widget-container\">\n\t\t\t\t\t\t\t<div class=\"elementor-social-icons-wrapper elementor-grid\" role=\"list\">\n\t\t\t\t\t\t\t<span class=\"elementor-grid-item\" role=\"listitem\">\n\t\t\t\t\t<a class=\"elementor-icon elementor-social-icon elementor-social-icon-twitter elementor-repeater-item-eecf6c7\" href=\"#\" target=\"_blank\">\n\t\t\t\t\t\t<span class=\"elementor-screen-only\">Twitter<\/span>\n\t\t\t\t\t\t<svg aria-hidden=\"true\" class=\"e-font-icon-svg e-fab-twitter\" viewBox=\"0 0 512 512\" xmlns=\"http:\/\/www.w3.org\/2000\/svg\"><path d=\"M459.37 151.716c.325 4.548.325 9.097.325 13.645 0 138.72-105.583 298.558-298.558 298.558-59.452 0-114.68-17.219-161.137-47.106 8.447.974 16.568 1.299 25.34 1.299 49.055 0 94.213-16.568 130.274-44.832-46.132-.975-84.792-31.188-98.112-72.772 6.498.974 12.995 1.624 19.818 1.624 9.421 0 18.843-1.3 27.614-3.573-48.081-9.747-84.143-51.98-84.143-102.985v-1.299c13.969 7.797 30.214 12.67 47.431 13.319-28.264-18.843-46.781-51.005-46.781-87.391 0-19.492 5.197-37.36 14.294-52.954 51.655 63.675 129.3 105.258 216.365 109.807-1.624-7.797-2.599-15.918-2.599-24.04 0-57.828 46.782-104.934 104.934-104.934 30.213 0 57.502 12.67 76.67 33.137 23.715-4.548 46.456-13.32 66.599-25.34-7.798 24.366-24.366 44.833-46.132 57.827 21.117-2.273 41.584-8.122 60.426-16.243-14.292 20.791-32.161 39.308-52.628 54.253z\"><\/path><\/svg>\t\t\t\t\t<\/a>\n\t\t\t\t<\/span>\n\t\t\t\t\t\t\t<span class=\"elementor-grid-item\" role=\"listitem\">\n\t\t\t\t\t<a class=\"elementor-icon elementor-social-icon elementor-social-icon-facebook-f elementor-repeater-item-5f21e81\" href=\"#\" target=\"_blank\">\n\t\t\t\t\t\t<span class=\"elementor-screen-only\">Facebook-f<\/span>\n\t\t\t\t\t\t<svg aria-hidden=\"true\" class=\"e-font-icon-svg e-fab-facebook-f\" viewBox=\"0 0 320 512\" xmlns=\"http:\/\/www.w3.org\/2000\/svg\"><path d=\"M279.14 288l14.22-92.66h-88.91v-60.13c0-25.35 12.42-50.06 52.24-50.06h40.42V6.26S260.43 0 225.36 0c-73.22 0-121.08 44.38-121.08 124.72v70.62H22.89V288h81.39v224h100.17V288z\"><\/path><\/svg>\t\t\t\t\t<\/a>\n\t\t\t\t<\/span>\n\t\t\t\t\t\t\t<span class=\"elementor-grid-item\" role=\"listitem\">\n\t\t\t\t\t<a class=\"elementor-icon elementor-social-icon elementor-social-icon-instagram elementor-repeater-item-737a845\" href=\"#\" target=\"_blank\">\n\t\t\t\t\t\t<span class=\"elementor-screen-only\">Instagram<\/span>\n\t\t\t\t\t\t<svg aria-hidden=\"true\" class=\"e-font-icon-svg e-fab-instagram\" viewBox=\"0 0 448 512\" xmlns=\"http:\/\/www.w3.org\/2000\/svg\"><path d=\"M224.1 141c-63.6 0-114.9 51.3-114.9 114.9s51.3 114.9 114.9 114.9S339 319.5 339 255.9 287.7 141 224.1 141zm0 189.6c-41.1 0-74.7-33.5-74.7-74.7s33.5-74.7 74.7-74.7 74.7 33.5 74.7 74.7-33.6 74.7-74.7 74.7zm146.4-194.3c0 14.9-12 26.8-26.8 26.8-14.9 0-26.8-12-26.8-26.8s12-26.8 26.8-26.8 26.8 12 26.8 26.8zm76.1 27.2c-1.7-35.9-9.9-67.7-36.2-93.9-26.2-26.2-58-34.4-93.9-36.2-37-2.1-147.9-2.1-184.9 0-35.8 1.7-67.6 9.9-93.9 36.1s-34.4 58-36.2 93.9c-2.1 37-2.1 147.9 0 184.9 1.7 35.9 9.9 67.7 36.2 93.9s58 34.4 93.9 36.2c37 2.1 147.9 2.1 184.9 0 35.9-1.7 67.7-9.9 93.9-36.2 26.2-26.2 34.4-58 36.2-93.9 2.1-37 2.1-147.8 0-184.8zM398.8 388c-7.8 19.6-22.9 34.7-42.6 42.6-29.5 11.7-99.5 9-132.1 9s-102.7 2.6-132.1-9c-19.6-7.8-34.7-22.9-42.6-42.6-11.7-29.5-9-99.5-9-132.1s-2.6-102.7 9-132.1c7.8-19.6 22.9-34.7 42.6-42.6 29.5-11.7 99.5-9 132.1-9s102.7-2.6 132.1 9c19.6 7.8 34.7 22.9 42.6 42.6 11.7 29.5 9 99.5 9 132.1s2.7 102.7-9 132.1z\"><\/path><\/svg>\t\t\t\t\t<\/a>\n\t\t\t\t<\/span>\n\t\t\t\t\t\t\t<span class=\"elementor-grid-item\" role=\"listitem\">\n\t\t\t\t\t<a class=\"elementor-icon elementor-social-icon elementor-social-icon-pinterest elementor-repeater-item-fb72158\" href=\"#\" target=\"_blank\">\n\t\t\t\t\t\t<span class=\"elementor-screen-only\">Pinterest<\/span>\n\t\t\t\t\t\t<svg aria-hidden=\"true\" class=\"e-font-icon-svg e-fab-pinterest\" viewBox=\"0 0 496 512\" xmlns=\"http:\/\/www.w3.org\/2000\/svg\"><path d=\"M496 256c0 137-111 248-248 248-25.6 0-50.2-3.9-73.4-11.1 10.1-16.5 25.2-43.5 30.8-65 3-11.6 15.4-59 15.4-59 8.1 15.4 31.7 28.5 56.8 28.5 74.8 0 128.7-68.8 128.7-154.3 0-81.9-66.9-143.2-152.9-143.2-107 0-163.9 71.8-163.9 150.1 0 36.4 19.4 81.7 50.3 96.1 4.7 2.2 7.2 1.2 8.3-3.3.8-3.4 5-20.3 6.9-28.1.6-2.5.3-4.7-1.7-7.1-10.1-12.5-18.3-35.3-18.3-56.6 0-54.7 41.4-107.6 112-107.6 60.9 0 103.6 41.5 103.6 100.9 0 67.1-33.9 113.6-78 113.6-24.3 0-42.6-20.1-36.7-44.8 7-29.5 20.5-61.3 20.5-82.6 0-19-10.2-34.9-31.4-34.9-24.9 0-44.9 25.7-44.9 60.2 0 22 7.4 36.8 7.4 36.8s-24.5 103.8-29 123.2c-5 21.4-3 51.6-.9 71.2C65.4 450.9 0 361.1 0 256 0 119 111 8 248 8s248 111 248 248z\"><\/path><\/svg>\t\t\t\t\t<\/a>\n\t\t\t\t<\/span>\n\t\t\t\t\t<\/div>\n\t\t\t\t\t\t<\/div>\n\t\t\t\t<\/div>\n\t\t\t\t\t<\/div>\n\t\t<\/div>\n\t\t\t\t<div class=\"elementor-column elementor-col-50 elementor-top-column elementor-element elementor-element-5c28c81 surancy_stretch_column_right\" data-id=\"5c28c81\" data-element_type=\"column\" data-e-type=\"column\">\n\t\t\t<div class=\"elementor-widget-wrap\">\n\t\t\t\t\t\t\t<\/div>\n\t\t<\/div>\n\t\t\t\t\t<\/div>\n\t\t<\/section>\n\t\t\t\t<\/div>\n\t\t","protected":false},"excerpt":{"rendered":"<p>We\u2019re Coming Soon Sed ut perspiciatis unde omnis iste natus error sit voluptatem accusantium doloremque laudantium, totam rem aperiam, eaque epsa quae abillo inventore veritatis [mc4wp_form id=165] Twitter Facebook-f Instagram Pinterest<\/p>\n","protected":false},"author":1,"featured_media":0,"parent":0,"menu_order":0,"comment_status":"closed","ping_status":"closed","template":"elementor_canvas","meta":{"footnotes":""},"class_list":["post-7307","page","type-page","status-publish","hentry"],"yoast_head":"<!-- This site is optimized with the Yoast SEO Premium plugin v26.1 (Yoast SEO v27.5) - https:\/\/yoast.com\/product\/yoast-seo-premium-wordpress\/ -->\n<title>Coming Soon - Agafay Desert<\/title>\n<meta name=\"robots\" content=\"index, follow, max-snippet:-1, max-image-preview:large, max-video-preview:-1\" \/>\n<link rel=\"canonical\" href=\"https:\/\/www.agafaye.com\/fr\/bientot-disponible\/\" \/>\n<meta property=\"og:locale\" content=\"fr_FR\" \/>\n<meta property=\"og:type\" content=\"article\" \/>\n<meta property=\"og:title\" content=\"Coming Soon\" \/>\n<meta property=\"og:description\" content=\"We\u2019re Coming Soon Sed ut perspiciatis unde omnis iste natus error sit voluptatem accusantium doloremque laudantium, totam rem aperiam, eaque epsa quae abillo inventore veritatis [mc4wp_form id=165] Twitter Facebook-f Instagram Pinterest\" \/>\n<meta property=\"og:url\" content=\"https:\/\/www.agafaye.com\/fr\/bientot-disponible\/\" \/>\n<meta property=\"og:site_name\" content=\"Agafay Desert\" \/>\n<meta property=\"og:image\" content=\"https:\/\/www.agafaye.com\/wp-content\/uploads\/2022\/07\/logo-white.svg\" \/>\n<meta name=\"twitter:card\" content=\"summary_large_image\" \/>\n<script type=\"application\/ld+json\" class=\"yoast-schema-graph\">{\"@context\":\"https:\\\/\\\/schema.org\",\"@graph\":[{\"@type\":\"WebPage\",\"@id\":\"https:\\\/\\\/www.agafaye.com\\\/coming-soon\\\/\",\"url\":\"https:\\\/\\\/www.agafaye.com\\\/coming-soon\\\/\",\"name\":\"Coming Soon - Agafay Desert\",\"isPartOf\":{\"@id\":\"https:\\\/\\\/www.agafaye.com\\\/#website\"},\"primaryImageOfPage\":{\"@id\":\"https:\\\/\\\/www.agafaye.com\\\/coming-soon\\\/#primaryimage\"},\"image\":{\"@id\":\"https:\\\/\\\/www.agafaye.com\\\/coming-soon\\\/#primaryimage\"},\"thumbnailUrl\":\"https:\\\/\\\/www.agafaye.com\\\/wp-content\\\/uploads\\\/2022\\\/07\\\/logo-white.svg\",\"datePublished\":\"2023-06-06T04:20:42+00:00\",\"breadcrumb\":{\"@id\":\"https:\\\/\\\/www.agafaye.com\\\/coming-soon\\\/#breadcrumb\"},\"inLanguage\":\"fr-FR\",\"potentialAction\":[{\"@type\":\"ReadAction\",\"target\":[\"https:\\\/\\\/www.agafaye.com\\\/coming-soon\\\/\"]}]},{\"@type\":\"ImageObject\",\"inLanguage\":\"fr-FR\",\"@id\":\"https:\\\/\\\/www.agafaye.com\\\/coming-soon\\\/#primaryimage\",\"url\":\"https:\\\/\\\/www.agafaye.com\\\/wp-content\\\/uploads\\\/2022\\\/07\\\/logo-white.svg\",\"contentUrl\":\"https:\\\/\\\/www.agafaye.com\\\/wp-content\\\/uploads\\\/2022\\\/07\\\/logo-white.svg\"},{\"@type\":\"BreadcrumbList\",\"@id\":\"https:\\\/\\\/www.agafaye.com\\\/coming-soon\\\/#breadcrumb\",\"itemListElement\":[{\"@type\":\"ListItem\",\"position\":1,\"name\":\"Home\",\"item\":\"https:\\\/\\\/www.agafaye.com\\\/\"},{\"@type\":\"ListItem\",\"position\":2,\"name\":\"Coming Soon\"}]},{\"@type\":\"WebSite\",\"@id\":\"https:\\\/\\\/www.agafaye.com\\\/#website\",\"url\":\"https:\\\/\\\/www.agafaye.com\\\/\",\"name\":\"Agafay Desert\",\"description\":\"Agafay Desert Adventures: Unwind, Explore, Experience\",\"publisher\":{\"@id\":\"https:\\\/\\\/www.agafaye.com\\\/#organization\"},\"potentialAction\":[{\"@type\":\"SearchAction\",\"target\":{\"@type\":\"EntryPoint\",\"urlTemplate\":\"https:\\\/\\\/www.agafaye.com\\\/?s={search_term_string}\"},\"query-input\":{\"@type\":\"PropertyValueSpecification\",\"valueRequired\":true,\"valueName\":\"search_term_string\"}}],\"inLanguage\":\"fr-FR\"},{\"@type\":\"Organization\",\"@id\":\"https:\\\/\\\/www.agafaye.com\\\/#organization\",\"name\":\"Agafay Desert\",\"url\":\"https:\\\/\\\/www.agafaye.com\\\/\",\"logo\":{\"@type\":\"ImageObject\",\"inLanguage\":\"fr-FR\",\"@id\":\"https:\\\/\\\/www.agafaye.com\\\/#\\\/schema\\\/logo\\\/image\\\/\",\"url\":\"https:\\\/\\\/www.agafaye.com\\\/wp-content\\\/uploads\\\/2025\\\/06\\\/Agafay-Desert.webp\",\"contentUrl\":\"https:\\\/\\\/www.agafaye.com\\\/wp-content\\\/uploads\\\/2025\\\/06\\\/Agafay-Desert.webp\",\"width\":1536,\"height\":1024,\"caption\":\"Agafay Desert\"},\"image\":{\"@id\":\"https:\\\/\\\/www.agafaye.com\\\/#\\\/schema\\\/logo\\\/image\\\/\"}}]}<\/script>\n<!-- \/ Yoast SEO Premium plugin. -->","yoast_head_json":{"title":"Prochainement - D\u00e9sert d'Agafay","robots":{"index":"index","follow":"follow","max-snippet":"max-snippet:-1","max-image-preview":"max-image-preview:large","max-video-preview":"max-video-preview:-1"},"canonical":"https:\/\/www.agafaye.com\/fr\/bientot-disponible\/","og_locale":"fr_FR","og_type":"article","og_title":"Coming Soon","og_description":"We\u2019re Coming Soon Sed ut perspiciatis unde omnis iste natus error sit voluptatem accusantium doloremque laudantium, totam rem aperiam, eaque epsa quae abillo inventore veritatis [mc4wp_form id=165] Twitter Facebook-f Instagram Pinterest","og_url":"https:\/\/www.agafaye.com\/fr\/bientot-disponible\/","og_site_name":"Agafay Desert","og_image":[{"url":"https:\/\/www.agafaye.com\/wp-content\/uploads\/2022\/07\/logo-white.svg","type":"","width":"","height":""}],"twitter_card":"summary_large_image","schema":{"@context":"https:\/\/schema.org","@graph":[{"@type":"WebPage","@id":"https:\/\/www.agafaye.com\/coming-soon\/","url":"https:\/\/www.agafaye.com\/coming-soon\/","name":"Prochainement - D\u00e9sert d'Agafay","isPartOf":{"@id":"https:\/\/www.agafaye.com\/#website"},"primaryImageOfPage":{"@id":"https:\/\/www.agafaye.com\/coming-soon\/#primaryimage"},"image":{"@id":"https:\/\/www.agafaye.com\/coming-soon\/#primaryimage"},"thumbnailUrl":"https:\/\/www.agafaye.com\/wp-content\/uploads\/2022\/07\/logo-white.svg","datePublished":"2023-06-06T04:20:42+00:00","breadcrumb":{"@id":"https:\/\/www.agafaye.com\/coming-soon\/#breadcrumb"},"inLanguage":"fr-FR","potentialAction":[{"@type":"ReadAction","target":["https:\/\/www.agafaye.com\/coming-soon\/"]}]},{"@type":"ImageObject","inLanguage":"fr-FR","@id":"https:\/\/www.agafaye.com\/coming-soon\/#primaryimage","url":"https:\/\/www.agafaye.com\/wp-content\/uploads\/2022\/07\/logo-white.svg","contentUrl":"https:\/\/www.agafaye.com\/wp-content\/uploads\/2022\/07\/logo-white.svg"},{"@type":"BreadcrumbList","@id":"https:\/\/www.agafaye.com\/coming-soon\/#breadcrumb","itemListElement":[{"@type":"ListItem","position":1,"name":"Home","item":"https:\/\/www.agafaye.com\/"},{"@type":"ListItem","position":2,"name":"Coming Soon"}]},{"@type":"WebSite","@id":"https:\/\/www.agafaye.com\/#website","url":"https:\/\/www.agafaye.com\/","name":"D\u00e9sert d'Agafay","description":"Aventures dans le d\u00e9sert d'Agafay : D\u00e9tente, exploration, exp\u00e9rience","publisher":{"@id":"https:\/\/www.agafaye.com\/#organization"},"potentialAction":[{"@type":"SearchAction","target":{"@type":"EntryPoint","urlTemplate":"https:\/\/www.agafaye.com\/?s={search_term_string}"},"query-input":{"@type":"PropertyValueSpecification","valueRequired":true,"valueName":"search_term_string"}}],"inLanguage":"fr-FR"},{"@type":"Organization","@id":"https:\/\/www.agafaye.com\/#organization","name":"D\u00e9sert d'Agafay","url":"https:\/\/www.agafaye.com\/","logo":{"@type":"ImageObject","inLanguage":"fr-FR","@id":"https:\/\/www.agafaye.com\/#\/schema\/logo\/image\/","url":"https:\/\/www.agafaye.com\/wp-content\/uploads\/2025\/06\/Agafay-Desert.webp","contentUrl":"https:\/\/www.agafaye.com\/wp-content\/uploads\/2025\/06\/Agafay-Desert.webp","width":1536,"height":1024,"caption":"Agafay Desert"},"image":{"@id":"https:\/\/www.agafaye.com\/#\/schema\/logo\/image\/"}}]}},"_links":{"self":[{"href":"https:\/\/www.agafaye.com\/fr\/wp-json\/wp\/v2\/pages\/7307","targetHints":{"allow":["GET"]}}],"collection":[{"href":"https:\/\/www.agafaye.com\/fr\/wp-json\/wp\/v2\/pages"}],"about":[{"href":"https:\/\/www.agafaye.com\/fr\/wp-json\/wp\/v2\/types\/page"}],"author":[{"embeddable":true,"href":"https:\/\/www.agafaye.com\/fr\/wp-json\/wp\/v2\/users\/1"}],"replies":[{"embeddable":true,"href":"https:\/\/www.agafaye.com\/fr\/wp-json\/wp\/v2\/comments?post=7307"}],"version-history":[{"count":0,"href":"https:\/\/www.agafaye.com\/fr\/wp-json\/wp\/v2\/pages\/7307\/revisions"}],"wp:attachment":[{"href":"https:\/\/www.agafaye.com\/fr\/wp-json\/wp\/v2\/media?parent=7307"}],"curies":[{"name":"wp","href":"https:\/\/api.w.org\/{rel}","templated":true}]}}