{"id":9812,"date":"2025-08-10T14:13:46","date_gmt":"2025-08-10T14:13:46","guid":{"rendered":"https:\/\/www.agafaye.com\/?post_type=product&#038;p=9812"},"modified":"2026-02-14T15:51:30","modified_gmt":"2026-02-14T15:51:30","slug":"carte-journaliere-agafay-acces-a-la-piscine-dejeuner-transport","status":"publish","type":"product","link":"https:\/\/www.agafaye.com\/fr\/product\/carte-journaliere-agafay-acces-a-la-piscine-dejeuner-transport\/","title":{"rendered":"Carte journali\u00e8re Agafay : Acc\u00e8s \u00e0 la piscine, d\u00e9jeuner et transport"},"content":{"rendered":"<p>&nbsp;<\/p>\n<p data-start=\"617\" data-end=\"994\">Profitez au maximum de votre journ\u00e9e dans le d\u00e9sert d'Agafay gr\u00e2ce \u00e0 notre carte journali\u00e8re tout-en-un !<br data-start=\"709\" data-end=\"712\" \/>Ce forfait combine action, d\u00e9tente et bonne cuisine : profitez d'un acc\u00e8s complet \u00e0 une belle piscine et faites le plein d'\u00e9nergie avec un d\u00e9licieux d\u00e9jeuner. Le transport aller-retour depuis Marrakech est inclus, vous pouvez donc simplement profiter de l'exp\u00e9rience, sans planification ni stress.<\/p>\n<p data-start=\"996\" data-end=\"1138\">Il est parfait pour les couples, les amis, les familles ou toute personne souhaitant vivre une v\u00e9ritable aventure \u00e0 Agafay sans avoir \u00e0 tout organiser s\u00e9par\u00e9ment.<\/p>\n<p data-start=\"1678\" data-end=\"1703\"><strong data-start=\"1678\" data-end=\"1701\">Horaire et dur\u00e9e :<\/strong><\/p>\n<ul data-start=\"1704\" data-end=\"1916\">\n<li data-start=\"1704\" data-end=\"1739\">\n<p data-start=\"1706\" data-end=\"1739\">D\u00e9parts quotidiens de Marrakech<\/p>\n<\/li>\n<li data-start=\"1740\" data-end=\"1790\">\n<p data-start=\"1742\" data-end=\"1790\">Heure de d\u00e9but : flexible (g\u00e9n\u00e9ralement le matin)<\/p>\n<\/li>\n<li data-start=\"1791\" data-end=\"1876\">\n<p data-start=\"1793\" data-end=\"1876\">Dur\u00e9e : environ 4-5 heures (visite en quad, piscine, d\u00e9jeuner et transfert inclus)<\/p>\n<\/li>\n<li data-start=\"1877\" data-end=\"1916\">\n<p data-start=\"1879\" data-end=\"1916\">L'horaire exact est fourni apr\u00e8s la r\u00e9servation.<\/p>\n<\/li>\n<\/ul>\n<p data-start=\"1918\" data-end=\"1940\"><strong data-start=\"1918\" data-end=\"1938\">\u00c0 qui cela s'adresse-t-il ?<\/strong><\/p>\n<ul data-start=\"1941\" data-end=\"2151\">\n<li data-start=\"1941\" data-end=\"2009\">\n<p data-start=\"1943\" data-end=\"2009\">Convient \u00e0 tous les \u00e2ges (les enfants doivent \u00eatre accompagn\u00e9s d'un adulte)<\/p>\n<\/li>\n<li data-start=\"2010\" data-end=\"2081\">\n<p data-start=\"2012\" data-end=\"2081\">Parfait pour les couples, les familles, les groupes d'amis ou les voyageurs solitaires.<\/p>\n<\/li>\n<\/ul>\n<p data-start=\"2153\" data-end=\"2173\"><strong data-start=\"2153\" data-end=\"2171\">Ce qu'il faut apporter :<\/strong><\/p>\n<ul data-start=\"2174\" data-end=\"2367\">\n<li data-start=\"2174\" data-end=\"2222\">\n<p data-start=\"2176\" data-end=\"2222\">Maillot de bain, serviette et tongs pour la piscine<\/p>\n<\/li>\n<li data-start=\"2223\" data-end=\"2274\">\n<p data-start=\"2225\" data-end=\"2274\">V\u00eatements et chaussures confortables pour l'excursion en quad<\/p>\n<\/li>\n<li data-start=\"2275\" data-end=\"2305\">\n<p data-start=\"2277\" data-end=\"2305\">Lunettes de soleil, cr\u00e8me solaire, chapeau<\/p>\n<\/li>\n<li data-start=\"2306\" data-end=\"2336\">\n<p data-start=\"2308\" data-end=\"2336\">Appareil photo ou t\u00e9l\u00e9phone pour les photos<\/p>\n<\/li>\n<li data-start=\"2337\" data-end=\"2367\">\n<p data-start=\"2339\" data-end=\"2367\">V\u00eatements de rechange (facultatif)<\/p>\n<\/li>\n<\/ul>\n<p data-start=\"2369\" data-end=\"2480\"><strong data-start=\"2369\" data-end=\"2387\">Point de rencontre :<\/strong><br data-start=\"2387\" data-end=\"2390\" \/>Prise en charge et retour \u00e0 l'h\u00f4tel, au riad ou \u00e0 la r\u00e9sidence de Marrakech (ajouter les d\u00e9tails au moment du d\u00e9part)<\/p>\n<p data-start=\"2482\" data-end=\"2501\"><strong data-start=\"2482\" data-end=\"2499\">Bon \u00e0 savoir :<\/strong><\/p>\n<ul data-start=\"2502\" data-end=\"2707\">\n<li data-start=\"2580\" data-end=\"2656\">\n<p data-start=\"2582\" data-end=\"2656\">Les demandes v\u00e9g\u00e9tariennes et di\u00e9t\u00e9tiques peuvent \u00eatre satisfaites (\u00e0 mentionner lors de la r\u00e9servation).<\/p>\n<\/li>\n<li data-start=\"2657\" data-end=\"2707\">\n<p data-start=\"2659\" data-end=\"2707\">La carte journali\u00e8re fonctionne dans la plupart des conditions m\u00e9t\u00e9orologiques<\/p>\n<\/li>\n<\/ul>\n<p data-start=\"2709\" data-end=\"2736\"><strong data-start=\"2709\" data-end=\"2734\">Instructions pour la r\u00e9servation :<\/strong><\/p>\n<ul data-start=\"2737\" data-end=\"2893\">\n<li data-start=\"2737\" data-end=\"2774\">\n<p data-start=\"2739\" data-end=\"2774\">S\u00e9lectionnez le nombre de participants<\/p>\n<\/li>\n<li data-start=\"2775\" data-end=\"2893\">\n<p data-start=\"2777\" data-end=\"2893\">Veuillez indiquer votre num\u00e9ro WhatsApp complet avec l'indicatif du pays et votre h\u00f4tel ou r\u00e9sidence pour faciliter la coordination de la prise en charge.<\/p>\n<\/li>\n<\/ul>\n<p><strong data-start=\"3486\" data-end=\"3504\">Informations sur le paiement :<\/strong><br data-start=\"3504\" data-end=\"3507\" \/>Veuillez indiquer votre num\u00e9ro WhatsApp complet avec l'indicatif du pays et votre h\u00f4tel ou r\u00e9sidence pour faciliter la prise en charge.<\/p>","protected":false},"excerpt":{"rendered":"<p>Profitez d'une exp\u00e9rience compl\u00e8te dans le d\u00e9sert d'Agafay, d'un acc\u00e8s relaxant \u00e0 la piscine, d'un d\u00e9licieux d\u00e9jeuner et d'un transfert aller-retour depuis Marrakech, le tout dans un forfait pratique.<\/p>","protected":false},"featured_media":9621,"comment_status":"open","ping_status":"closed","template":"","meta":[],"product_brand":[],"product_cat":[57],"product_tag":[78],"class_list":{"0":"post-9812","1":"product","2":"type-product","3":"status-publish","4":"has-post-thumbnail","6":"brw_tour_types-day-passes","7":"product_cat-day-passes","8":"product_tag-agafay-day-pass","10":"first","11":"instock","12":"sale","13":"featured","14":"shipping-taxable","15":"purchasable","16":"product-type-ovabrw_car_rental"},"yoast_head":"<!-- This site is optimized with the Yoast SEO Premium plugin v26.1 (Yoast SEO v27.3) - https:\/\/yoast.com\/product\/yoast-seo-premium-wordpress\/ -->\n<title>Agafay Day Pass: Pool Access, Lunch &amp; Transfers | Book Now<\/title>\n<meta name=\"description\" content=\"Book your Agafay Day Pass for pool access, lunch, and round-trip Marrakech transfers. The complete Agafay experience\u2014one day, all included.\" \/>\n<meta name=\"robots\" content=\"index, follow, max-snippet:-1, max-image-preview:large, max-video-preview:-1\" \/>\n<link rel=\"canonical\" href=\"https:\/\/www.agafaye.com\/fr\/product\/carte-journaliere-agafay-acces-a-la-piscine-dejeuner-transport\/\" \/>\n<meta property=\"og:locale\" content=\"fr_FR\" \/>\n<meta property=\"og:type\" content=\"article\" \/>\n<meta property=\"og:title\" content=\"Agafay Day Pass: Pool Access, Lunch &amp; Transportation\" \/>\n<meta property=\"og:description\" content=\"Book your Agafay Day Pass for pool access, lunch, and round-trip Marrakech transfers. The complete Agafay experience\u2014one day, all included.\" \/>\n<meta property=\"og:url\" content=\"https:\/\/www.agafaye.com\/fr\/product\/carte-journaliere-agafay-acces-a-la-piscine-dejeuner-transport\/\" \/>\n<meta property=\"og:site_name\" content=\"Agafay Desert\" \/>\n<meta property=\"article:modified_time\" content=\"2026-02-14T15:51:30+00:00\" \/>\n<meta property=\"og:image\" content=\"https:\/\/www.agafaye.com\/wp-content\/uploads\/2025\/06\/From-Marrakech-to-Agafay-Desert-Day-Trip-600x540-1.jpg\" \/>\n\t<meta property=\"og:image:width\" content=\"600\" \/>\n\t<meta property=\"og:image:height\" content=\"540\" \/>\n\t<meta property=\"og:image:type\" content=\"image\/jpeg\" \/>\n<meta name=\"twitter:card\" content=\"summary_large_image\" \/>\n<meta name=\"twitter:label1\" content=\"Prix\" \/>\n\t<meta name=\"twitter:data1\" content=\"&euro;75,00\" \/>\n\t<meta name=\"twitter:label2\" content=\"Disponibilit\u00e9\" \/>\n\t<meta name=\"twitter:data2\" content=\"En stock\" \/>\n<script type=\"application\/ld+json\" class=\"yoast-schema-graph\">{\"@context\":\"https:\\\/\\\/schema.org\",\"@graph\":[{\"@type\":\"WebPage\",\"@id\":\"https:\\\/\\\/www.agafaye.com\\\/product\\\/agafay-day-pass-pool-access-lunch-transportation\\\/\",\"url\":\"https:\\\/\\\/www.agafaye.com\\\/product\\\/agafay-day-pass-pool-access-lunch-transportation\\\/\",\"name\":\"Agafay Day Pass: Pool Access, Lunch & Transfers | Book Now\",\"isPartOf\":{\"@id\":\"https:\\\/\\\/www.agafaye.com\\\/#website\"},\"primaryImageOfPage\":{\"@id\":\"https:\\\/\\\/www.agafaye.com\\\/product\\\/agafay-day-pass-pool-access-lunch-transportation\\\/#primaryimage\"},\"image\":{\"@id\":\"https:\\\/\\\/www.agafaye.com\\\/product\\\/agafay-day-pass-pool-access-lunch-transportation\\\/#primaryimage\"},\"thumbnailUrl\":\"https:\\\/\\\/www.agafaye.com\\\/wp-content\\\/uploads\\\/2025\\\/06\\\/From-Marrakech-to-Agafay-Desert-Day-Trip-600x540-1.jpg\",\"datePublished\":\"2025-08-10T14:13:46+00:00\",\"dateModified\":\"2026-02-14T15:51:30+00:00\",\"description\":\"Book your Agafay Day Pass for pool access, lunch, and round-trip Marrakech transfers. The complete Agafay experience\u2014one day, all included.\",\"breadcrumb\":{\"@id\":\"https:\\\/\\\/www.agafaye.com\\\/product\\\/agafay-day-pass-pool-access-lunch-transportation\\\/#breadcrumb\"},\"inLanguage\":\"fr-FR\",\"potentialAction\":[{\"@type\":\"ReadAction\",\"target\":[\"https:\\\/\\\/www.agafaye.com\\\/product\\\/agafay-day-pass-pool-access-lunch-transportation\\\/\"]}]},{\"@type\":\"ImageObject\",\"inLanguage\":\"fr-FR\",\"@id\":\"https:\\\/\\\/www.agafaye.com\\\/product\\\/agafay-day-pass-pool-access-lunch-transportation\\\/#primaryimage\",\"url\":\"https:\\\/\\\/www.agafaye.com\\\/wp-content\\\/uploads\\\/2025\\\/06\\\/From-Marrakech-to-Agafay-Desert-Day-Trip-600x540-1.jpg\",\"contentUrl\":\"https:\\\/\\\/www.agafaye.com\\\/wp-content\\\/uploads\\\/2025\\\/06\\\/From-Marrakech-to-Agafay-Desert-Day-Trip-600x540-1.jpg\",\"width\":600,\"height\":540},{\"@type\":\"BreadcrumbList\",\"@id\":\"https:\\\/\\\/www.agafaye.com\\\/product\\\/agafay-day-pass-pool-access-lunch-transportation\\\/#breadcrumb\",\"itemListElement\":[{\"@type\":\"ListItem\",\"position\":1,\"name\":\"Home\",\"item\":\"https:\\\/\\\/www.agafaye.com\\\/\"},{\"@type\":\"ListItem\",\"position\":2,\"name\":\"Shop\",\"item\":\"https:\\\/\\\/www.agafaye.com\\\/shop\\\/\"},{\"@type\":\"ListItem\",\"position\":3,\"name\":\"Agafay Day Pass: Pool Access, Lunch &#038; Transportation\"}]},{\"@type\":\"WebSite\",\"@id\":\"https:\\\/\\\/www.agafaye.com\\\/#website\",\"url\":\"https:\\\/\\\/www.agafaye.com\\\/\",\"name\":\"Agafay Desert\",\"description\":\"Agafay Desert Adventures: Unwind, Explore, Experience\",\"publisher\":{\"@id\":\"https:\\\/\\\/www.agafaye.com\\\/#organization\"},\"potentialAction\":[{\"@type\":\"SearchAction\",\"target\":{\"@type\":\"EntryPoint\",\"urlTemplate\":\"https:\\\/\\\/www.agafaye.com\\\/?s={search_term_string}\"},\"query-input\":{\"@type\":\"PropertyValueSpecification\",\"valueRequired\":true,\"valueName\":\"search_term_string\"}}],\"inLanguage\":\"fr-FR\"},{\"@type\":\"Organization\",\"@id\":\"https:\\\/\\\/www.agafaye.com\\\/#organization\",\"name\":\"Agafay Desert\",\"url\":\"https:\\\/\\\/www.agafaye.com\\\/\",\"logo\":{\"@type\":\"ImageObject\",\"inLanguage\":\"fr-FR\",\"@id\":\"https:\\\/\\\/www.agafaye.com\\\/#\\\/schema\\\/logo\\\/image\\\/\",\"url\":\"https:\\\/\\\/www.agafaye.com\\\/wp-content\\\/uploads\\\/2025\\\/06\\\/Agafay-Desert.webp\",\"contentUrl\":\"https:\\\/\\\/www.agafaye.com\\\/wp-content\\\/uploads\\\/2025\\\/06\\\/Agafay-Desert.webp\",\"width\":1536,\"height\":1024,\"caption\":\"Agafay Desert\"},\"image\":{\"@id\":\"https:\\\/\\\/www.agafaye.com\\\/#\\\/schema\\\/logo\\\/image\\\/\"}}]}<\/script>\n<meta property=\"product:price:amount\" content=\"75.00\" \/>\n<meta property=\"product:price:currency\" content=\"EUR\" \/>\n<meta property=\"og:availability\" content=\"instock\" \/>\n<meta property=\"product:availability\" content=\"instock\" \/>\n<meta property=\"product:condition\" content=\"new\" \/>\n<!-- \/ Yoast SEO Premium plugin. -->","yoast_head_json":{"title":"Carte journali\u00e8re Agafay : Acc\u00e8s \u00e0 la piscine, d\u00e9jeuner et transferts | R\u00e9server maintenant","description":"R\u00e9servez votre carte journali\u00e8re Agafay pour l'acc\u00e8s \u00e0 la piscine, le d\u00e9jeuner et les transferts aller-retour \u00e0 Marrakech. L'exp\u00e9rience compl\u00e8te d'Agafay - une journ\u00e9e, tout compris.","robots":{"index":"index","follow":"follow","max-snippet":"max-snippet:-1","max-image-preview":"max-image-preview:large","max-video-preview":"max-video-preview:-1"},"canonical":"https:\/\/www.agafaye.com\/fr\/product\/carte-journaliere-agafay-acces-a-la-piscine-dejeuner-transport\/","og_locale":"fr_FR","og_type":"article","og_title":"Agafay Day Pass: Pool Access, Lunch & Transportation","og_description":"Book your Agafay Day Pass for pool access, lunch, and round-trip Marrakech transfers. The complete Agafay experience\u2014one day, all included.","og_url":"https:\/\/www.agafaye.com\/fr\/product\/carte-journaliere-agafay-acces-a-la-piscine-dejeuner-transport\/","og_site_name":"Agafay Desert","article_modified_time":"2026-02-14T15:51:30+00:00","og_image":[{"width":600,"height":540,"url":"https:\/\/www.agafaye.com\/wp-content\/uploads\/2025\/06\/From-Marrakech-to-Agafay-Desert-Day-Trip-600x540-1.jpg","type":"image\/jpeg"}],"twitter_card":"summary_large_image","twitter_misc":{"Prix":"&euro;75,00","Disponibilit\u00e9":"En stock"},"schema":{"@context":"https:\/\/schema.org","@graph":[{"@type":"WebPage","@id":"https:\/\/www.agafaye.com\/product\/agafay-day-pass-pool-access-lunch-transportation\/","url":"https:\/\/www.agafaye.com\/product\/agafay-day-pass-pool-access-lunch-transportation\/","name":"Carte journali\u00e8re Agafay : Acc\u00e8s \u00e0 la piscine, d\u00e9jeuner et transferts | R\u00e9server maintenant","isPartOf":{"@id":"https:\/\/www.agafaye.com\/#website"},"primaryImageOfPage":{"@id":"https:\/\/www.agafaye.com\/product\/agafay-day-pass-pool-access-lunch-transportation\/#primaryimage"},"image":{"@id":"https:\/\/www.agafaye.com\/product\/agafay-day-pass-pool-access-lunch-transportation\/#primaryimage"},"thumbnailUrl":"https:\/\/www.agafaye.com\/wp-content\/uploads\/2025\/06\/From-Marrakech-to-Agafay-Desert-Day-Trip-600x540-1.jpg","datePublished":"2025-08-10T14:13:46+00:00","dateModified":"2026-02-14T15:51:30+00:00","description":"R\u00e9servez votre carte journali\u00e8re Agafay pour l'acc\u00e8s \u00e0 la piscine, le d\u00e9jeuner et les transferts aller-retour \u00e0 Marrakech. L'exp\u00e9rience compl\u00e8te d'Agafay - une journ\u00e9e, tout compris.","breadcrumb":{"@id":"https:\/\/www.agafaye.com\/product\/agafay-day-pass-pool-access-lunch-transportation\/#breadcrumb"},"inLanguage":"fr-FR","potentialAction":[{"@type":"ReadAction","target":["https:\/\/www.agafaye.com\/product\/agafay-day-pass-pool-access-lunch-transportation\/"]}]},{"@type":"ImageObject","inLanguage":"fr-FR","@id":"https:\/\/www.agafaye.com\/product\/agafay-day-pass-pool-access-lunch-transportation\/#primaryimage","url":"https:\/\/www.agafaye.com\/wp-content\/uploads\/2025\/06\/From-Marrakech-to-Agafay-Desert-Day-Trip-600x540-1.jpg","contentUrl":"https:\/\/www.agafaye.com\/wp-content\/uploads\/2025\/06\/From-Marrakech-to-Agafay-Desert-Day-Trip-600x540-1.jpg","width":600,"height":540},{"@type":"BreadcrumbList","@id":"https:\/\/www.agafaye.com\/product\/agafay-day-pass-pool-access-lunch-transportation\/#breadcrumb","itemListElement":[{"@type":"ListItem","position":1,"name":"Home","item":"https:\/\/www.agafaye.com\/"},{"@type":"ListItem","position":2,"name":"Shop","item":"https:\/\/www.agafaye.com\/shop\/"},{"@type":"ListItem","position":3,"name":"Agafay Day Pass: Pool Access, Lunch &#038; Transportation"}]},{"@type":"WebSite","@id":"https:\/\/www.agafaye.com\/#website","url":"https:\/\/www.agafaye.com\/","name":"D\u00e9sert d'Agafay","description":"Aventures dans le d\u00e9sert d'Agafay : D\u00e9tente, exploration, exp\u00e9rience","publisher":{"@id":"https:\/\/www.agafaye.com\/#organization"},"potentialAction":[{"@type":"SearchAction","target":{"@type":"EntryPoint","urlTemplate":"https:\/\/www.agafaye.com\/?s={search_term_string}"},"query-input":{"@type":"PropertyValueSpecification","valueRequired":true,"valueName":"search_term_string"}}],"inLanguage":"fr-FR"},{"@type":"Organization","@id":"https:\/\/www.agafaye.com\/#organization","name":"D\u00e9sert d'Agafay","url":"https:\/\/www.agafaye.com\/","logo":{"@type":"ImageObject","inLanguage":"fr-FR","@id":"https:\/\/www.agafaye.com\/#\/schema\/logo\/image\/","url":"https:\/\/www.agafaye.com\/wp-content\/uploads\/2025\/06\/Agafay-Desert.webp","contentUrl":"https:\/\/www.agafaye.com\/wp-content\/uploads\/2025\/06\/Agafay-Desert.webp","width":1536,"height":1024,"caption":"Agafay Desert"},"image":{"@id":"https:\/\/www.agafaye.com\/#\/schema\/logo\/image\/"}}]},"product_price_amount":"75.00","product_price_currency":"EUR","og_availability":"instock","product_availability":"instock","product_condition":"new"},"_links":{"self":[{"href":"https:\/\/www.agafaye.com\/fr\/wp-json\/wp\/v2\/product\/9812","targetHints":{"allow":["GET"]}}],"collection":[{"href":"https:\/\/www.agafaye.com\/fr\/wp-json\/wp\/v2\/product"}],"about":[{"href":"https:\/\/www.agafaye.com\/fr\/wp-json\/wp\/v2\/types\/product"}],"replies":[{"embeddable":true,"href":"https:\/\/www.agafaye.com\/fr\/wp-json\/wp\/v2\/comments?post=9812"}],"wp:featuredmedia":[{"embeddable":true,"href":"https:\/\/www.agafaye.com\/fr\/wp-json\/wp\/v2\/media\/9621"}],"wp:attachment":[{"href":"https:\/\/www.agafaye.com\/fr\/wp-json\/wp\/v2\/media?parent=9812"}],"wp:term":[{"taxonomy":"product_brand","embeddable":true,"href":"https:\/\/www.agafaye.com\/fr\/wp-json\/wp\/v2\/product_brand?post=9812"},{"taxonomy":"product_cat","embeddable":true,"href":"https:\/\/www.agafaye.com\/fr\/wp-json\/wp\/v2\/product_cat?post=9812"},{"taxonomy":"product_tag","embeddable":true,"href":"https:\/\/www.agafaye.com\/fr\/wp-json\/wp\/v2\/product_tag?post=9812"}],"curies":[{"name":"wp","href":"https:\/\/api.w.org\/{rel}","templated":true}]}}