{"id":9813,"date":"2025-08-10T14:46:30","date_gmt":"2025-08-10T14:46:30","guid":{"rendered":"https:\/\/www.agafaye.com\/?post_type=product&#038;p=9813"},"modified":"2026-04-15T18:29:45","modified_gmt":"2026-04-15T18:29:45","slug":"carte-journaliere-agafay-acces-a-la-piscine-diner-transport-copie","status":"publish","type":"product","link":"https:\/\/www.agafaye.com\/fr\/product\/carte-journaliere-agafay-acces-a-la-piscine-diner-transport-copie\/","title":{"rendered":"Agafay Day Pass : acc\u00e8s \u00e0 la piscine, d\u00eener et transport"},"content":{"rendered":"<p>&nbsp;<\/p>\n<p data-start=\"559\" data-end=\"914\">Combinez l'aventure et l'authenticit\u00e9 des repas marocains avec cette carte journali\u00e8re tout compris d'Agafay ! Commencez votre apr\u00e8s-midi par un acc\u00e8s palpitant \u00e0 la piscine \u00e0 travers les paysages rocheux uniques d'Agafay. Le soir venu, d\u00e9tendez-vous et savourez un d\u00e9licieux d\u00eener marocain dans un magnifique camp du d\u00e9sert, puis d\u00e9tendez-vous pendant que nous vous ramenons \u00e0 votre h\u00f4tel \u00e0 Marrakech.<\/p>\n<p data-start=\"916\" data-end=\"1132\">Le transport aller-retour \u00e9tant inclus, il n'y a pas de stress - juste une exp\u00e9rience Agafay sans faille du d\u00e9but \u00e0 la fin. Parfait pour les couples, les groupes d'amis et les familles \u00e0 la recherche de quelque chose de sp\u00e9cial en dehors de Marrakech.<\/p>\n<p data-start=\"1634\" data-end=\"1659\"><strong data-start=\"1634\" data-end=\"1657\">Horaire et dur\u00e9e :<\/strong><\/p>\n<ul data-start=\"1660\" data-end=\"1902\">\n<li data-start=\"1660\" data-end=\"1695\">\n<p data-start=\"1662\" data-end=\"1695\">D\u00e9parts quotidiens de Marrakech<\/p>\n<\/li>\n<li data-start=\"1696\" data-end=\"1769\">\n<p data-start=\"1698\" data-end=\"1769\">Heure habituelle de prise en charge : apr\u00e8s-midi (horaire pr\u00e9cis fourni apr\u00e8s la r\u00e9servation)<\/p>\n<\/li>\n<li data-start=\"1770\" data-end=\"1849\">\n<p data-start=\"1772\" data-end=\"1849\">Dur\u00e9e : environ 6 heures (comprend la visite en quad, le d\u00eener et les transferts)<\/p>\n<\/li>\n<li data-start=\"1850\" data-end=\"1902\">\n<p data-start=\"1852\" data-end=\"1902\">Le d\u00eener est servi au coucher du soleil pour une meilleure exp\u00e9rience.<\/p>\n<\/li>\n<\/ul>\n<p data-start=\"1904\" data-end=\"1926\"><strong data-start=\"1904\" data-end=\"1924\">\u00c0 qui cela s'adresse-t-il ?<\/strong><\/p>\n<ul data-start=\"1927\" data-end=\"2118\">\n<li data-start=\"1927\" data-end=\"1995\">\n<p data-start=\"1929\" data-end=\"1995\">Convient \u00e0 tous les \u00e2ges (les enfants doivent \u00eatre accompagn\u00e9s d'un adulte)<\/p>\n<\/li>\n<li data-start=\"1996\" data-end=\"2057\">\n<p data-start=\"1998\" data-end=\"2057\">Parfait pour les couples, les amis, les familles ou les voyageurs solitaires<\/p>\n<\/li>\n<li data-start=\"2058\" data-end=\"2118\">\n<p data-start=\"2060\" data-end=\"2118\">Aucune exp\u00e9rience en mati\u00e8re de quad n'est n\u00e9cessaire - une instruction compl\u00e8te est fournie.<\/p>\n<\/li>\n<\/ul>\n<p data-start=\"2120\" data-end=\"2140\"><strong data-start=\"2120\" data-end=\"2138\">Ce qu'il faut apporter :<\/strong><\/p>\n<ul data-start=\"2141\" data-end=\"2285\">\n<li data-start=\"2141\" data-end=\"2199\">\n<p data-start=\"2143\" data-end=\"2199\">V\u00eatements confortables et chaussures ferm\u00e9es pour les excursions en quad.<\/p>\n<\/li>\n<li data-start=\"2200\" data-end=\"2233\">\n<p data-start=\"2202\" data-end=\"2233\">Lunettes de soleil, cr\u00e8me solaire, appareil photo<\/p>\n<\/li>\n<li data-start=\"2234\" data-end=\"2285\">\n<p data-start=\"2236\" data-end=\"2285\">Veste l\u00e9g\u00e8re (les soir\u00e9es peuvent \u00eatre fra\u00eeches dans le d\u00e9sert)<\/p>\n<\/li>\n<\/ul>\n<p data-start=\"2287\" data-end=\"2398\"><strong data-start=\"2287\" data-end=\"2305\">Point de rencontre :<\/strong><br data-start=\"2305\" data-end=\"2308\" \/>Prise en charge et retour \u00e0 l'h\u00f4tel, au riad ou \u00e0 la r\u00e9sidence de Marrakech (ajouter les d\u00e9tails au moment du d\u00e9part)<\/p>\n<p data-start=\"2400\" data-end=\"2419\"><strong data-start=\"2400\" data-end=\"2417\">Bon \u00e0 savoir :<\/strong><\/p>\n<ul data-start=\"2420\" data-end=\"2617\">\n<li data-start=\"2498\" data-end=\"2574\">\n<p data-start=\"2500\" data-end=\"2574\">Les demandes v\u00e9g\u00e9tariennes et di\u00e9t\u00e9tiques peuvent \u00eatre satisfaites (\u00e0 mentionner lors de la r\u00e9servation).<\/p>\n<\/li>\n<li data-start=\"2575\" data-end=\"2617\">\n<p data-start=\"2577\" data-end=\"2617\">L'excursion se d\u00e9roule dans la plupart des conditions m\u00e9t\u00e9orologiques<\/p>\n<\/li>\n<\/ul>\n<p data-start=\"2619\" data-end=\"2646\"><strong data-start=\"2619\" data-end=\"2644\">Instructions pour la r\u00e9servation :<\/strong><\/p>\n<ul data-start=\"2647\" data-end=\"2790\">\n<li data-start=\"2647\" data-end=\"2684\">\n<p data-start=\"2649\" data-end=\"2684\">S\u00e9lectionnez le nombre de participants<\/p>\n<\/li>\n<li data-start=\"2685\" data-end=\"2790\">\n<p data-start=\"2687\" data-end=\"2790\">Veuillez indiquer votre num\u00e9ro WhatsApp complet avec l'indicatif du pays et votre h\u00f4tel ou r\u00e9sidence pour faciliter la prise en charge.<\/p>\n<\/li>\n<\/ul>","protected":false},"excerpt":{"rendered":"<p>Profitez d'une exp\u00e9rience inoubliable dans le d\u00e9sert d'Agafay avec un acc\u00e8s \u00e0 la piscine, un d\u00e9licieux d\u00eener marocain et le transport aller-retour depuis Marrakech, le tout en un seul forfait.<\/p>","protected":false},"featured_media":9628,"comment_status":"open","ping_status":"closed","template":"","meta":[],"product_brand":[],"product_cat":[57],"product_tag":[78],"class_list":{"0":"post-9813","1":"product","2":"type-product","3":"status-publish","4":"has-post-thumbnail","6":"brw_tour_types-day-passes","7":"product_cat-day-passes","8":"product_tag-agafay-day-pass","10":"first","11":"instock","12":"sale","13":"featured","14":"shipping-taxable","15":"purchasable","16":"product-type-ovabrw_car_rental"},"yoast_head":"<!-- This site is optimized with the Yoast SEO Premium plugin v26.1 (Yoast SEO v27.4) - https:\/\/yoast.com\/product\/yoast-seo-premium-wordpress\/ -->\n<title>Agafay Day Pass: Pool Access, Dinner &amp; Transfers | Book Now<\/title>\n<meta name=\"description\" content=\"Book your Agafay Day Pass for pool access, dinner in the desert, and round-trip Marrakech transfers. The perfect adventure and dining experience\" \/>\n<meta name=\"robots\" content=\"index, follow, max-snippet:-1, max-image-preview:large, max-video-preview:-1\" \/>\n<link rel=\"canonical\" href=\"https:\/\/www.agafaye.com\/fr\/product\/carte-journaliere-agafay-acces-a-la-piscine-diner-transport-copie\/\" \/>\n<meta property=\"og:locale\" content=\"fr_FR\" \/>\n<meta property=\"og:type\" content=\"article\" \/>\n<meta property=\"og:title\" content=\"Agafay Day Pass:Pool access, dinner &amp; Transportation\" \/>\n<meta property=\"og:description\" content=\"Book your Agafay Day Pass for pool access, dinner in the desert, and round-trip Marrakech transfers. The perfect adventure and dining experience\" \/>\n<meta property=\"og:url\" content=\"https:\/\/www.agafaye.com\/fr\/product\/carte-journaliere-agafay-acces-a-la-piscine-diner-transport-copie\/\" \/>\n<meta property=\"og:site_name\" content=\"Agafay Desert\" \/>\n<meta property=\"article:modified_time\" content=\"2026-04-15T18:29:45+00:00\" \/>\n<meta property=\"og:image\" content=\"https:\/\/www.agafaye.com\/wp-content\/uploads\/2025\/06\/Under-the-Moroccan-Stars-Agafay-Desert-Dining.webp\" \/>\n\t<meta property=\"og:image:width\" content=\"750\" \/>\n\t<meta property=\"og:image:height\" content=\"750\" \/>\n\t<meta property=\"og:image:type\" content=\"image\/webp\" \/>\n<meta name=\"twitter:card\" content=\"summary_large_image\" \/>\n<meta name=\"twitter:label1\" content=\"Prix\" \/>\n\t<meta name=\"twitter:data1\" content=\"&euro;80,00\" \/>\n\t<meta name=\"twitter:label2\" content=\"Disponibilit\u00e9\" \/>\n\t<meta name=\"twitter:data2\" content=\"En stock\" \/>\n<script type=\"application\/ld+json\" class=\"yoast-schema-graph\">{\"@context\":\"https:\\\/\\\/schema.org\",\"@graph\":[{\"@type\":\"WebPage\",\"@id\":\"https:\\\/\\\/www.agafaye.com\\\/product\\\/agafay-day-pass-pool-access-dinner-transportation-copy\\\/\",\"url\":\"https:\\\/\\\/www.agafaye.com\\\/product\\\/agafay-day-pass-pool-access-dinner-transportation-copy\\\/\",\"name\":\"Agafay Day Pass: Pool Access, Dinner & Transfers | Book Now\",\"isPartOf\":{\"@id\":\"https:\\\/\\\/www.agafaye.com\\\/#website\"},\"primaryImageOfPage\":{\"@id\":\"https:\\\/\\\/www.agafaye.com\\\/product\\\/agafay-day-pass-pool-access-dinner-transportation-copy\\\/#primaryimage\"},\"image\":{\"@id\":\"https:\\\/\\\/www.agafaye.com\\\/product\\\/agafay-day-pass-pool-access-dinner-transportation-copy\\\/#primaryimage\"},\"thumbnailUrl\":\"https:\\\/\\\/www.agafaye.com\\\/wp-content\\\/uploads\\\/2025\\\/06\\\/Under-the-Moroccan-Stars-Agafay-Desert-Dining.webp\",\"datePublished\":\"2025-08-10T14:46:30+00:00\",\"dateModified\":\"2026-04-15T18:29:45+00:00\",\"description\":\"Book your Agafay Day Pass for pool access, dinner in the desert, and round-trip Marrakech transfers. The perfect adventure and dining experience\",\"breadcrumb\":{\"@id\":\"https:\\\/\\\/www.agafaye.com\\\/product\\\/agafay-day-pass-pool-access-dinner-transportation-copy\\\/#breadcrumb\"},\"inLanguage\":\"fr-FR\",\"potentialAction\":[{\"@type\":\"ReadAction\",\"target\":[\"https:\\\/\\\/www.agafaye.com\\\/product\\\/agafay-day-pass-pool-access-dinner-transportation-copy\\\/\"]}]},{\"@type\":\"ImageObject\",\"inLanguage\":\"fr-FR\",\"@id\":\"https:\\\/\\\/www.agafaye.com\\\/product\\\/agafay-day-pass-pool-access-dinner-transportation-copy\\\/#primaryimage\",\"url\":\"https:\\\/\\\/www.agafaye.com\\\/wp-content\\\/uploads\\\/2025\\\/06\\\/Under-the-Moroccan-Stars-Agafay-Desert-Dining.webp\",\"contentUrl\":\"https:\\\/\\\/www.agafaye.com\\\/wp-content\\\/uploads\\\/2025\\\/06\\\/Under-the-Moroccan-Stars-Agafay-Desert-Dining.webp\",\"width\":750,\"height\":750},{\"@type\":\"BreadcrumbList\",\"@id\":\"https:\\\/\\\/www.agafaye.com\\\/product\\\/agafay-day-pass-pool-access-dinner-transportation-copy\\\/#breadcrumb\",\"itemListElement\":[{\"@type\":\"ListItem\",\"position\":1,\"name\":\"Home\",\"item\":\"https:\\\/\\\/www.agafaye.com\\\/\"},{\"@type\":\"ListItem\",\"position\":2,\"name\":\"Shop\",\"item\":\"https:\\\/\\\/www.agafaye.com\\\/shop\\\/\"},{\"@type\":\"ListItem\",\"position\":3,\"name\":\"Agafay Day Pass:Pool access, dinner &#038; Transportation\"}]},{\"@type\":\"WebSite\",\"@id\":\"https:\\\/\\\/www.agafaye.com\\\/#website\",\"url\":\"https:\\\/\\\/www.agafaye.com\\\/\",\"name\":\"Agafay Desert\",\"description\":\"Agafay Desert Adventures: Unwind, Explore, Experience\",\"publisher\":{\"@id\":\"https:\\\/\\\/www.agafaye.com\\\/#organization\"},\"potentialAction\":[{\"@type\":\"SearchAction\",\"target\":{\"@type\":\"EntryPoint\",\"urlTemplate\":\"https:\\\/\\\/www.agafaye.com\\\/?s={search_term_string}\"},\"query-input\":{\"@type\":\"PropertyValueSpecification\",\"valueRequired\":true,\"valueName\":\"search_term_string\"}}],\"inLanguage\":\"fr-FR\"},{\"@type\":\"Organization\",\"@id\":\"https:\\\/\\\/www.agafaye.com\\\/#organization\",\"name\":\"Agafay Desert\",\"url\":\"https:\\\/\\\/www.agafaye.com\\\/\",\"logo\":{\"@type\":\"ImageObject\",\"inLanguage\":\"fr-FR\",\"@id\":\"https:\\\/\\\/www.agafaye.com\\\/#\\\/schema\\\/logo\\\/image\\\/\",\"url\":\"https:\\\/\\\/www.agafaye.com\\\/wp-content\\\/uploads\\\/2025\\\/06\\\/Agafay-Desert.webp\",\"contentUrl\":\"https:\\\/\\\/www.agafaye.com\\\/wp-content\\\/uploads\\\/2025\\\/06\\\/Agafay-Desert.webp\",\"width\":1536,\"height\":1024,\"caption\":\"Agafay Desert\"},\"image\":{\"@id\":\"https:\\\/\\\/www.agafaye.com\\\/#\\\/schema\\\/logo\\\/image\\\/\"}}]}<\/script>\n<meta property=\"product:price:amount\" content=\"80.00\" \/>\n<meta property=\"product:price:currency\" content=\"EUR\" \/>\n<meta property=\"og:availability\" content=\"instock\" \/>\n<meta property=\"product:availability\" content=\"instock\" \/>\n<meta property=\"product:condition\" content=\"new\" \/>\n<!-- \/ Yoast SEO Premium plugin. -->","yoast_head_json":{"title":"Carte journali\u00e8re Agafay : Acc\u00e8s \u00e0 la piscine, d\u00eener et transferts | R\u00e9server maintenant","description":"R\u00e9servez votre carte journali\u00e8re Agafay pour l'acc\u00e8s \u00e0 la piscine, le d\u00eener dans le d\u00e9sert et les transferts aller-retour \u00e0 Marrakech. L'aventure et l'exp\u00e9rience gastronomique parfaites","robots":{"index":"index","follow":"follow","max-snippet":"max-snippet:-1","max-image-preview":"max-image-preview:large","max-video-preview":"max-video-preview:-1"},"canonical":"https:\/\/www.agafaye.com\/fr\/product\/carte-journaliere-agafay-acces-a-la-piscine-diner-transport-copie\/","og_locale":"fr_FR","og_type":"article","og_title":"Agafay Day Pass:Pool access, dinner & Transportation","og_description":"Book your Agafay Day Pass for pool access, dinner in the desert, and round-trip Marrakech transfers. The perfect adventure and dining experience","og_url":"https:\/\/www.agafaye.com\/fr\/product\/carte-journaliere-agafay-acces-a-la-piscine-diner-transport-copie\/","og_site_name":"Agafay Desert","article_modified_time":"2026-04-15T18:29:45+00:00","og_image":[{"width":750,"height":750,"url":"https:\/\/www.agafaye.com\/wp-content\/uploads\/2025\/06\/Under-the-Moroccan-Stars-Agafay-Desert-Dining.webp","type":"image\/webp"}],"twitter_card":"summary_large_image","twitter_misc":{"Prix":"&euro;80,00","Disponibilit\u00e9":"En stock"},"schema":{"@context":"https:\/\/schema.org","@graph":[{"@type":"WebPage","@id":"https:\/\/www.agafaye.com\/product\/agafay-day-pass-pool-access-dinner-transportation-copy\/","url":"https:\/\/www.agafaye.com\/product\/agafay-day-pass-pool-access-dinner-transportation-copy\/","name":"Carte journali\u00e8re Agafay : Acc\u00e8s \u00e0 la piscine, d\u00eener et transferts | R\u00e9server maintenant","isPartOf":{"@id":"https:\/\/www.agafaye.com\/#website"},"primaryImageOfPage":{"@id":"https:\/\/www.agafaye.com\/product\/agafay-day-pass-pool-access-dinner-transportation-copy\/#primaryimage"},"image":{"@id":"https:\/\/www.agafaye.com\/product\/agafay-day-pass-pool-access-dinner-transportation-copy\/#primaryimage"},"thumbnailUrl":"https:\/\/www.agafaye.com\/wp-content\/uploads\/2025\/06\/Under-the-Moroccan-Stars-Agafay-Desert-Dining.webp","datePublished":"2025-08-10T14:46:30+00:00","dateModified":"2026-04-15T18:29:45+00:00","description":"R\u00e9servez votre carte journali\u00e8re Agafay pour l'acc\u00e8s \u00e0 la piscine, le d\u00eener dans le d\u00e9sert et les transferts aller-retour \u00e0 Marrakech. L'aventure et l'exp\u00e9rience gastronomique parfaites","breadcrumb":{"@id":"https:\/\/www.agafaye.com\/product\/agafay-day-pass-pool-access-dinner-transportation-copy\/#breadcrumb"},"inLanguage":"fr-FR","potentialAction":[{"@type":"ReadAction","target":["https:\/\/www.agafaye.com\/product\/agafay-day-pass-pool-access-dinner-transportation-copy\/"]}]},{"@type":"ImageObject","inLanguage":"fr-FR","@id":"https:\/\/www.agafaye.com\/product\/agafay-day-pass-pool-access-dinner-transportation-copy\/#primaryimage","url":"https:\/\/www.agafaye.com\/wp-content\/uploads\/2025\/06\/Under-the-Moroccan-Stars-Agafay-Desert-Dining.webp","contentUrl":"https:\/\/www.agafaye.com\/wp-content\/uploads\/2025\/06\/Under-the-Moroccan-Stars-Agafay-Desert-Dining.webp","width":750,"height":750},{"@type":"BreadcrumbList","@id":"https:\/\/www.agafaye.com\/product\/agafay-day-pass-pool-access-dinner-transportation-copy\/#breadcrumb","itemListElement":[{"@type":"ListItem","position":1,"name":"Home","item":"https:\/\/www.agafaye.com\/"},{"@type":"ListItem","position":2,"name":"Shop","item":"https:\/\/www.agafaye.com\/shop\/"},{"@type":"ListItem","position":3,"name":"Agafay Day Pass:Pool access, dinner &#038; Transportation"}]},{"@type":"WebSite","@id":"https:\/\/www.agafaye.com\/#website","url":"https:\/\/www.agafaye.com\/","name":"D\u00e9sert d'Agafay","description":"Aventures dans le d\u00e9sert d'Agafay : D\u00e9tente, exploration, exp\u00e9rience","publisher":{"@id":"https:\/\/www.agafaye.com\/#organization"},"potentialAction":[{"@type":"SearchAction","target":{"@type":"EntryPoint","urlTemplate":"https:\/\/www.agafaye.com\/?s={search_term_string}"},"query-input":{"@type":"PropertyValueSpecification","valueRequired":true,"valueName":"search_term_string"}}],"inLanguage":"fr-FR"},{"@type":"Organization","@id":"https:\/\/www.agafaye.com\/#organization","name":"D\u00e9sert d'Agafay","url":"https:\/\/www.agafaye.com\/","logo":{"@type":"ImageObject","inLanguage":"fr-FR","@id":"https:\/\/www.agafaye.com\/#\/schema\/logo\/image\/","url":"https:\/\/www.agafaye.com\/wp-content\/uploads\/2025\/06\/Agafay-Desert.webp","contentUrl":"https:\/\/www.agafaye.com\/wp-content\/uploads\/2025\/06\/Agafay-Desert.webp","width":1536,"height":1024,"caption":"Agafay Desert"},"image":{"@id":"https:\/\/www.agafaye.com\/#\/schema\/logo\/image\/"}}]},"product_price_amount":"80.00","product_price_currency":"EUR","og_availability":"instock","product_availability":"instock","product_condition":"new"},"_links":{"self":[{"href":"https:\/\/www.agafaye.com\/fr\/wp-json\/wp\/v2\/product\/9813","targetHints":{"allow":["GET"]}}],"collection":[{"href":"https:\/\/www.agafaye.com\/fr\/wp-json\/wp\/v2\/product"}],"about":[{"href":"https:\/\/www.agafaye.com\/fr\/wp-json\/wp\/v2\/types\/product"}],"replies":[{"embeddable":true,"href":"https:\/\/www.agafaye.com\/fr\/wp-json\/wp\/v2\/comments?post=9813"}],"wp:featuredmedia":[{"embeddable":true,"href":"https:\/\/www.agafaye.com\/fr\/wp-json\/wp\/v2\/media\/9628"}],"wp:attachment":[{"href":"https:\/\/www.agafaye.com\/fr\/wp-json\/wp\/v2\/media?parent=9813"}],"wp:term":[{"taxonomy":"product_brand","embeddable":true,"href":"https:\/\/www.agafaye.com\/fr\/wp-json\/wp\/v2\/product_brand?post=9813"},{"taxonomy":"product_cat","embeddable":true,"href":"https:\/\/www.agafaye.com\/fr\/wp-json\/wp\/v2\/product_cat?post=9813"},{"taxonomy":"product_tag","embeddable":true,"href":"https:\/\/www.agafaye.com\/fr\/wp-json\/wp\/v2\/product_tag?post=9813"}],"curies":[{"name":"wp","href":"https:\/\/api.w.org\/{rel}","templated":true}]}}